{"id":3403,"date":"2024-10-16T22:30:42","date_gmt":"2024-10-16T20:30:42","guid":{"rendered":"https:\/\/olimpiamed.pl\/?page_id=3403"},"modified":"2024-10-16T22:39:09","modified_gmt":"2024-10-16T20:39:09","slug":"standardy-ochrony-maloletnich","status":"publish","type":"page","link":"https:\/\/olimpiamed.pl\/?page_id=3403","title":{"rendered":"Standardy Ochrony Ma\u0142oletnich"},"content":{"rendered":"<p><a href=\"http:\/\/olimpiamed.pl\/wp-content\/uploads\/2024\/10\/Standardy_ochrony_maloletnich.pdf\">Standardy Ochrony Ma\u0142oletnich<\/a><\/p>\n<p><a href=\"http:\/\/olimpiamed.pl\/wp-content\/uploads\/2024\/10\/STANDARDY-OCHRONY-MALOLETNICH_20240909_142206_0000.pdf\">Standardy Ochrony Ma\u0142oletnich plakat<\/a><\/p>\n<p><a href=\"http:\/\/olimpiamed.pl\/wp-content\/uploads\/2024\/10\/Zal.-1.-Zasady_bezpiecznej_rekrutacji_pracownikow_dopuszczonych_0Ado_udzielania_swiadczen_zdrowotnych_maloletnim.pdf\">Za\u0142. 1. Zasady_bezpiecznej_rekrutacji_pracownik\u00f3w_dopuszczonych_do_udzielania_\u015bwiadcze\u0144_zdrowotnych_ma\u0142oletnim<\/a><\/p>\n<p><a href=\"http:\/\/olimpiamed.pl\/wp-content\/uploads\/2024\/10\/Zal.-2.-Zasady_bezpiecznych_relacji_miedzy_maloletnim_a_personelem_szpitala_poradni_\u2013_Kodeks_Bezpiecznej_Relacji.pdf\">Za\u0142. 2. Zasady_bezpiecznych_relacji_mi\u0119dzy_ma\u0142oletnim_a_personelem_szpitala_poradni_\u2013_Kodeks_Bezpiecznej_Relacji<\/a><\/p>\n<p><a href=\"http:\/\/olimpiamed.pl\/wp-content\/uploads\/2024\/10\/Zal.-3.-Zasady_interwencji_personelu_szpitala_poradni_w_przypadku_podejrzenia_krzywdzenia_lub_posiadania_informacji_o_krzywdzeniu_maloletniego_i_udzielenia_wsparcia.pdf\">Za\u0142. 3. Zasady_interwencji_personelu_szpitala_poradni_w_przypadku_podejrzenia_krzywdzenia_lub_posiadania_informacji_o_krzywdzeniu_ma\u0142oletniego_i_udzielenia_wsparcia<\/a><\/p>\n<p><a href=\"http:\/\/olimpiamed.pl\/wp-content\/uploads\/2024\/10\/Zal.-4.-Zasady_bezpiecznego_korzystania_z_urzadzen_elektronicznych_dostepem_do_sieci_internetowej.pdf\">Za\u0142. 4. Zasady_bezpiecznego_korzystania_z_urz\u0105dze\u0144_elektronicznych_dost\u0119pem_do_sieci_internetowej<\/a><\/p>\n<p><a href=\"http:\/\/olimpiamed.pl\/wp-content\/uploads\/2024\/10\/Zal.-5Zasady_przyjmowania_zgloszen_o_zachowaniach_niedozwolonych_sposobu_dokumentowania_przechowywania_i_analizowania_zgloszonych_incydentow_lub_zdarzen_zagrazajacych_maloletnim.pdf\">Za\u0142. 5Zasady_przyjmowania_zg\u0142osze\u0144_o_zachowaniach_niedozwolonych,_sposobu_dokumentowania,_przechowywania_i_analizowania_zg\u0142oszonych_incydent\u00f3w_lub_zdarze\u0144_zagra\u017caj\u0105cych_ma\u0142oletnim<\/a><\/p>\n","protected":false},"excerpt":{"rendered":"<p>Standardy Ochrony Ma\u0142oletnich Standardy Ochrony Ma\u0142oletnich plakat Za\u0142. 1. Zasady_bezpiecznej_rekrutacji_pracownik\u00f3w_dopuszczonych_do_udzielania_\u015bwiadcze\u0144_zdrowotnych_ma\u0142oletnim Za\u0142. 2. Zasady_bezpiecznych_relacji_mi\u0119dzy_ma\u0142oletnim_a_personelem_szpitala_poradni_\u2013_Kodeks_Bezpiecznej_Relacji Za\u0142. 3. Zasady_interwencji_personelu_szpitala_poradni_w_przypadku_podejrzenia_krzywdzenia_lub_posiadania_informacji_o_krzywdzeniu_ma\u0142oletniego_i_udzielenia_wsparcia Za\u0142. 4. Zasady_bezpiecznego_korzystania_z_urz\u0105dze\u0144_elektronicznych_dost\u0119pem_do_sieci_internetowej Za\u0142. 5Zasady_przyjmowania_zg\u0142osze\u0144_o_zachowaniach_niedozwolonych,_sposobu_dokumentowania,_przechowywania_i_analizowania_zg\u0142oszonych_incydent\u00f3w_lub_zdarze\u0144_zagra\u017caj\u0105cych_ma\u0142oletnim<\/p>\n","protected":false},"author":1,"featured_media":0,"parent":0,"menu_order":0,"comment_status":"closed","ping_status":"closed","template":"","meta":{"footnotes":""},"class_list":["post-3403","page","type-page","status-publish","hentry"],"_links":{"self":[{"href":"https:\/\/olimpiamed.pl\/index.php?rest_route=\/wp\/v2\/pages\/3403","targetHints":{"allow":["GET"]}}],"collection":[{"href":"https:\/\/olimpiamed.pl\/index.php?rest_route=\/wp\/v2\/pages"}],"about":[{"href":"https:\/\/olimpiamed.pl\/index.php?rest_route=\/wp\/v2\/types\/page"}],"author":[{"embeddable":true,"href":"https:\/\/olimpiamed.pl\/index.php?rest_route=\/wp\/v2\/users\/1"}],"replies":[{"embeddable":true,"href":"https:\/\/olimpiamed.pl\/index.php?rest_route=%2Fwp%2Fv2%2Fcomments&post=3403"}],"version-history":[{"count":3,"href":"https:\/\/olimpiamed.pl\/index.php?rest_route=\/wp\/v2\/pages\/3403\/revisions"}],"predecessor-version":[{"id":3433,"href":"https:\/\/olimpiamed.pl\/index.php?rest_route=\/wp\/v2\/pages\/3403\/revisions\/3433"}],"wp:attachment":[{"href":"https:\/\/olimpiamed.pl\/index.php?rest_route=%2Fwp%2Fv2%2Fmedia&parent=3403"}],"curies":[{"name":"wp","href":"https:\/\/api.w.org\/{rel}","templated":true}]}}