{"id":3284,"date":"2021-10-12T09:59:43","date_gmt":"2021-10-12T07:59:43","guid":{"rendered":"http:\/\/olimpiamed.pl\/?page_id=3284"},"modified":"2023-08-23T09:38:18","modified_gmt":"2023-08-23T07:38:18","slug":"kalendarz-szczepien","status":"publish","type":"page","link":"https:\/\/olimpiamed.pl\/?page_id=3284","title":{"rendered":"Kalendarz szczepie\u0144"},"content":{"rendered":"<p><span style=\"text-decoration: underline;\"><strong>Kalendarz szczepie\u0144 obowi\u0105zkowych na rok 2023:<\/strong><\/span><\/p>\n<p><span style=\"text-decoration: underline;\"> 5-latki Rocznik 2018 (oraz starsze dzieci, kt\u00f3re nie by\u0142y zaszczepione w wieku 5 lat): <\/span><\/p>\n<p>* b\u0142onica, t\u0119\u017cec, krztusiec, polio<\/p>\n<p>* odra, r\u00f3\u017cyczka, \u015bwinka<\/p>\n<p>Uwaga! Wszystkie dzieci powy\u017cej 5 roku \u017cycia, kt\u00f3re nie otrzyma\u0142y 2 dawki odry, r\u00f3\u017cyczki, \u015bwinki( stary kalendarz szczepie\u0144 obejmowa\u0142 2 dawk\u0119 w 10 roku \u017cycia) zapraszamy do uzupe\u0142nienia szczepienia.<\/p>\n<p>&nbsp;<\/p>\n<p><span style=\"text-decoration: underline;\">13-latki rocznik 2010 (oraz starsze dzieci, kt\u00f3re nie by\u0142y zaszczepione w wieku 13 lat):<\/span><\/p>\n<p>* B\u0142onica, t\u0119\u017cec, krztusiec<\/p>\n<p>* HPV<\/p>\n<p>&nbsp;<\/p>\n<p><span style=\"text-decoration: underline;\">18-latki rocznik 2005:<\/span><\/p>\n<p>*B\u0142onica, t\u0119\u017cec Roczniki 2004 i 2003, kt\u00f3re nie szczepi\u0142y si\u0119 w wieku 18 lat r\u00f3wnie\u017c zapraszamy do uzupe\u0142nienia dawki.<\/p>\n<p>&nbsp;<\/p>\n<p>Wszystkie wymienione szczepionki s\u0105 bezp\u0142atne<\/p>\n","protected":false},"excerpt":{"rendered":"<p>Kalendarz szczepie\u0144 obowi\u0105zkowych na rok 2023: 5-latki Rocznik 2018 (oraz starsze dzieci, kt\u00f3re nie by\u0142y zaszczepione w wieku 5 lat): * b\u0142onica, t\u0119\u017cec, krztusiec, polio * odra, r\u00f3\u017cyczka, \u015bwinka Uwaga! Wszystkie dzieci powy\u017cej 5 roku \u017cycia, kt\u00f3re nie otrzyma\u0142y 2 dawki odry, r\u00f3\u017cyczki, \u015bwinki( stary kalendarz szczepie\u0144 obejmowa\u0142 2 dawk\u0119 w 10 roku \u017cycia) zapraszamy<\/p>\n","protected":false},"author":1,"featured_media":0,"parent":0,"menu_order":0,"comment_status":"closed","ping_status":"closed","template":"","meta":{"footnotes":""},"class_list":["post-3284","page","type-page","status-publish","hentry"],"_links":{"self":[{"href":"https:\/\/olimpiamed.pl\/index.php?rest_route=\/wp\/v2\/pages\/3284","targetHints":{"allow":["GET"]}}],"collection":[{"href":"https:\/\/olimpiamed.pl\/index.php?rest_route=\/wp\/v2\/pages"}],"about":[{"href":"https:\/\/olimpiamed.pl\/index.php?rest_route=\/wp\/v2\/types\/page"}],"author":[{"embeddable":true,"href":"https:\/\/olimpiamed.pl\/index.php?rest_route=\/wp\/v2\/users\/1"}],"replies":[{"embeddable":true,"href":"https:\/\/olimpiamed.pl\/index.php?rest_route=%2Fwp%2Fv2%2Fcomments&post=3284"}],"version-history":[{"count":5,"href":"https:\/\/olimpiamed.pl\/index.php?rest_route=\/wp\/v2\/pages\/3284\/revisions"}],"predecessor-version":[{"id":3344,"href":"https:\/\/olimpiamed.pl\/index.php?rest_route=\/wp\/v2\/pages\/3284\/revisions\/3344"}],"wp:attachment":[{"href":"https:\/\/olimpiamed.pl\/index.php?rest_route=%2Fwp%2Fv2%2Fmedia&parent=3284"}],"curies":[{"name":"wp","href":"https:\/\/api.w.org\/{rel}","templated":true}]}}