{"id":3229,"date":"2021-08-24T15:10:16","date_gmt":"2021-08-24T13:10:16","guid":{"rendered":"http:\/\/olimpiamed.pl\/?page_id=3229"},"modified":"2026-02-26T12:59:25","modified_gmt":"2026-02-26T11:59:25","slug":"zamawianie-recept","status":"publish","type":"page","link":"https:\/\/olimpiamed.pl\/?page_id=3229","title":{"rendered":"Recepty"},"content":{"rendered":"<p>[vc_row][vc_column][vc_column_text]Nowelizacja przepis\u00f3w prawa daje obecnie mo\u017cliwo\u015b\u0107 wystawienia recept na leki stosowane\u00a0<u>w chorobach przewlek\u0142ych\u00a0<\/u>bez konieczno\u015bci przeprowadzenia ka\u017cdorazowo badania Pacjenta.<br \/>\nOznacza to, \u017ce w przypadku niekt\u00f3rych chor\u00f3b Pacjenci b\u0119d\u0105 mogli otrzyma\u0107 recepty na swoje leki bez konieczno\u015bci wizyty lekarskiej w POZ.\u00a0 (w okresie pomi\u0119dzy zaplanowanymi wizytami kontrolnymi).<br \/>\n<u>W przypadku lek\u00f3w zleconych przez lekarza z poradni specjalistycznej lub szpitala nale\u017cy dostarczy\u0107 do rejestracji POZ kart\u0119 konsultacyjn\u0105 lub wypis ze szpitala.<\/u><br \/>\nZmiana przepis\u00f3w nie oznacza, \u017ce b\u0119dzie mo\u017cna z\u0142o\u017cy\u0107 zam\u00f3wienie na dowolne leki.<\/p>\n<h5><strong>WA\u017bNE INFORMACJE DOTYCZ\u0104CE ZAMAWIANIA RECEPT:<\/strong><\/h5>\n<ol>\n<li>Bez kontaktu z lekarzem mo\u017cna otrzyma\u0107 recepty na\u00a0<strong>leki stosowane w chorobach przewlek\u0142ych\u00a0<\/strong><u>dla pacjenta w stabilnym stanie zdrowia na okres nie d\u0142u\u017cszy ni\u017c 3 m-ce<\/u>\u00a0o ile\u00a0<strong>w dokumentacji Pacjenta znajduje si\u0119 informacja<\/strong>\u00a0o tych przyjmowanych lekach.<\/li>\n<li>Bez kontaktu z lekarzem<strong>\u00a0nie mo\u017cna otrzyma\u0107 recepty na leki uspokajaj\u0105ce, nasenne, przeciwb\u00f3lowe, antybiotyki \u00a0?<\/strong>\u00a0stosowane ze wskaza\u0144 nag\u0142ych lub czasowo.<\/li>\n<li>Leki mog\u0105 zosta\u0107 wypisane\u00a0<strong>wy\u0142\u0105cznie osobom ubezpieczonym<\/strong>, w oparciu o weryfikacj\u0119 w systemie eWU\u015a<strong>.<\/strong><\/li>\n<li>Leki mog\u0105 zosta\u0107 wypisane jedynie po podaniu ich listy. Leki <strong>NIE B\u0118D\u0104 WYPISYWANE<\/strong> gdy pacjent zg\u0142osi zapotrzebowanie na leki &#8222;te co zawsze&#8221;, &#8222;takie w czerwonym pude\u0142ku&#8221;, &#8222;przecie\u017c doktor ma w karcie&#8221; etc.<\/li>\n<li><strong>Zasady wydawania recept:\u00a0<\/strong>Kod recepty zostanie przekazany do Pa\u0144stwa za po\u015brednictwem wiadomo\u015bci SMS lub- na \u017cyczenie pacjenta- telefonicznie.<\/li>\n<\/ol>\n<p>[\/vc_column_text][\/vc_column][\/vc_row][vc_row][vc_column][vc_text_separator title=&#8221;&#8221; css=&#8221;.vc_custom_1629810269774{margin-top: 50px !important;}&#8221;][\/vc_column][\/vc_row][vc_row][vc_column]<div class=\"dropcap\"><div class=\"dropcap_label\"><h3>Jak zg\u0142osi\u0107 zapotrzebowanie na recept\u0119?<\/h3><\/div><\/div>[\/vc_column][\/vc_row][vc_row][vc_column][vc_column_text]Aby z\u0142o\u017cy\u0107 zam\u00f3wienie na leki nale\u017cy:<br \/>\n-wype\u0142ni\u0107\u00a0<a href=\"https:\/\/forms.gle\/xevky9WtsDqcajt49\">formularz<\/a> lub<br \/>\n-przynie\u015b\u0107 do rejestracji karteczk\u0119 z imieniem, nazwiskiem, nr PESEL oraz list\u0105 lek\u00f3w do wypisania.<\/p>\n<p>W <span style=\"text-decoration: underline;\">wyj\u0105tkowych sytuacjach<\/span> istnieje mo\u017cliwo\u015b\u0107 zg\u0142oszenia telefonicznie zapotrzebowania na leki, jednak odst\u0119pujemy od tego sposobu w zwi\u0105zku z du\u017cym prawdopodobie\u0144stwem pope\u0142nienia b\u0142\u0119du przy zapisywaniu nazw lek\u00f3w.[\/vc_column_text][\/vc_column][\/vc_row]<\/p>\n","protected":false},"excerpt":{"rendered":"<p>[vc_row][vc_column][vc_column_text]Nowelizacja przepis\u00f3w prawa daje obecnie mo\u017cliwo\u015b\u0107 wystawienia recept na leki stosowane\u00a0w chorobach przewlek\u0142ych\u00a0bez konieczno\u015bci przeprowadzenia ka\u017cdorazowo badania Pacjenta. Oznacza to, \u017ce w przypadku niekt\u00f3rych chor\u00f3b Pacjenci b\u0119d\u0105 mogli otrzyma\u0107 recepty na swoje leki bez konieczno\u015bci wizyty lekarskiej w POZ.\u00a0 (w okresie pomi\u0119dzy zaplanowanymi wizytami kontrolnymi). W przypadku lek\u00f3w zleconych przez lekarza z poradni specjalistycznej lub<\/p>\n","protected":false},"author":1,"featured_media":0,"parent":0,"menu_order":0,"comment_status":"closed","ping_status":"closed","template":"","meta":{"footnotes":""},"class_list":["post-3229","page","type-page","status-publish","hentry"],"_links":{"self":[{"href":"https:\/\/olimpiamed.pl\/index.php?rest_route=\/wp\/v2\/pages\/3229","targetHints":{"allow":["GET"]}}],"collection":[{"href":"https:\/\/olimpiamed.pl\/index.php?rest_route=\/wp\/v2\/pages"}],"about":[{"href":"https:\/\/olimpiamed.pl\/index.php?rest_route=\/wp\/v2\/types\/page"}],"author":[{"embeddable":true,"href":"https:\/\/olimpiamed.pl\/index.php?rest_route=\/wp\/v2\/users\/1"}],"replies":[{"embeddable":true,"href":"https:\/\/olimpiamed.pl\/index.php?rest_route=%2Fwp%2Fv2%2Fcomments&post=3229"}],"version-history":[{"count":11,"href":"https:\/\/olimpiamed.pl\/index.php?rest_route=\/wp\/v2\/pages\/3229\/revisions"}],"predecessor-version":[{"id":3499,"href":"https:\/\/olimpiamed.pl\/index.php?rest_route=\/wp\/v2\/pages\/3229\/revisions\/3499"}],"wp:attachment":[{"href":"https:\/\/olimpiamed.pl\/index.php?rest_route=%2Fwp%2Fv2%2Fmedia&parent=3229"}],"curies":[{"name":"wp","href":"https:\/\/api.w.org\/{rel}","templated":true}]}}