{"id":2537,"date":"2013-02-14T10:20:55","date_gmt":"2013-02-14T09:20:55","guid":{"rendered":"http:\/\/localhost\/wordpress\/medicenter\/?page_id=5"},"modified":"2025-04-25T20:02:15","modified_gmt":"2025-04-25T18:02:15","slug":"home","status":"publish","type":"page","link":"https:\/\/olimpiamed.pl\/","title":{"rendered":"Strona g\u0142\u00f3wna"},"content":{"rendered":"<p>[vc_row top_margin=&#8221;page_margin_top&#8221; el_position=&#8221;first last&#8221;][vc_column width=&#8221;2\/3&#8243;]<h3 class=\"box_header page_margin_top_section\">Aktualno\u015bci<\/h3><ul class=\"items_list page_margin_top clearfix\"><\/ul><ul class=\"blog simple clearfix\"><li class=\"item_content  post post-3480 type-post status-publish format-standard hentry category-olimpiamed\"><div class=\"text\"><h3> <a href=\"https:\/\/olimpiamed.pl\/?p=3480\" title=\"LABORATORIUM NIECZYNNE &#8211; 10, 11, 17, 18 GRUDNIA\">LABORATORIUM NIECZYNNE &#8211; 10, 11, 17, 18 GRUDNIA<\/a><\/h3> <p>Dzie\u0144 dobry, informujemy, \u017ce w dniu 10, 11, 17, 18 GRUDNIA laboratorium b\u0119dzie nieczynne. Przepraszamy za niedogodno\u015bci.<\/p>\n<\/div><\/li><li class=\"item_content  post post-3468 type-post status-publish format-standard hentry category-olimpiamed\"><div class=\"text\"><h3> <a href=\"https:\/\/olimpiamed.pl\/?p=3468\" title=\"LABORATORIUM NIECZYNNE &#8211; sierpie\u0144\">LABORATORIUM NIECZYNNE &#8211; sierpie\u0144<\/a><\/h3> <p>Informujemy, \u017ce ze wzgl\u0119du na okres wakacyjny laboratorium b\u0119dzie nieczynne w dniach: 4.08 13.08 14.08 W tych dniach zapraszamy z naszym skierowaniem do dowolnego punktu pobra\u0144 sieci Alab we Wroc\u0142awiu. Za utrudnienia przepraszamy!<\/p>\n<\/div><\/li><li class=\"item_content  post post-3459 type-post status-publish format-standard hentry category-olimpiamed\"><div class=\"text\"><h3> <a href=\"https:\/\/olimpiamed.pl\/?p=3459\" title=\"LABORATORIUM NIECZYNNE &#8211; lipiec\">LABORATORIUM NIECZYNNE &#8211; lipiec<\/a><\/h3> <p>Informujemy, \u017ce ze wzgl\u0119du na okres wakacyjny laboratorium b\u0119dzie nieczynne w dniach: 23.07 28.07 30.07 31.07 W tych dniach zapraszamy z naszym skierowaniem do dowolnego punktu pobra\u0144 sieci Alab we Wroc\u0142awiu. Za utrudnienia przepraszamy!<\/p>\n<\/div><\/li><li class=\"item_content  post post-3452 type-post status-publish format-standard has-post-thumbnail hentry category-olimpiamed tag-funduszeeuropejskie tag-funduszeue tag-wsparciepoz\"><a class=\"thumb_image\" href=\"https:\/\/olimpiamed.pl\/?p=3452\" title=\"Fundusze Europejskie &#8211; wsparcie POZ\"><img loading=\"lazy\" decoding=\"async\" width=\"96\" height=\"10\" src=\"https:\/\/olimpiamed.pl\/wp-content\/uploads\/2025\/04\/FENIKS_RP_UE_NFZ_RGB-kolor-1-pdf.jpg\" class=\"attachment-medicenter-small-thumb size-medicenter-small-thumb wp-post-image\" alt=\"Fundusze Europejskie &#8211; wsparcie POZ\" title=\"\" \/><\/a><div class=\"text\"><h3> <a href=\"https:\/\/olimpiamed.pl\/?p=3452\" title=\"Fundusze Europejskie &#8211; wsparcie POZ\">Fundusze Europejskie &#8211; wsparcie POZ<\/a><\/h3> <p>OLIMPIAMED Sp\u00f3\u0142ka z ograniczon\u0105 odpowiedzialno\u015bci\u0105 realizuje Projekt grantowy pn. \u201eWsparcie podstawowej opieki zdrowotnej (POZ)\u201d na podstawie umowy zawartej z Narodowym Funduszem Zdrowia. Projekt dofinansowany jest ze \u015brodk\u00f3w Europejskiego Funduszu Rozwoju Regionalnego w ramach Programu Fundusze Europejskie na Infrastruktur\u0119, Klimat, \u015arodowisko 2021-2027. Ca\u0142kowita warto\u015b\u0107 Projektu to 1 250 000 000,00 z\u0142 z czego wysoko\u015b\u0107 wk\u0142adu Funduszy<\/p>\n<\/div><\/li><\/ul><h3 class=\"box_header page_margin_top\">Prywatne poradnie specjalistyczne<\/h3><ul class=\"gallery_item_details_list clearfix\"><li id=\"gallery-details-certyfikowane-centrum-medycyny-podrozy\" class=\"gallery_item_details clearfix\">\n\t\t\t\t\t<div class=\"columns no_width\">\n\t\t\t\t\t\t<div class=\"column_left\"><div class=\"gallery_box \"><div class=\"description\">\n\t\t\t\t\t\t\t\t\t\t<h3>Certyfikowane Centrum Medycyny Podr\u00f3\u017cy<\/h3>\n\t\t\t\t\t\t\t\t\t\t<h5>Szczepienia dla podr\u00f3\u017cuj\u0105cych<\/h5>\n\t\t\t\t\t\t\t\t\t<\/div><\/div><\/div>\n\t\t\t\t\t<div class=\"column_right\">\n\t\t\t\t\t\t<div class=\"details_box\"><h2 class=\"box_header\"> Certyfikowane Centrum Medycyny Podr\u00f3\u017cy<\/h2><ul class=\"controls page_margin_top\">\n\t\t\t\t\t\t\t\t\t<li>\n\t\t\t\t\t\t\t\t\t\t<a href=\"#gallery-details-close\" class=\"close\"><\/a>\n\t\t\t\t\t\t\t\t\t<\/li>\n\t\t\t\t\t\t\t\t\t<li>\n\t\t\t\t\t\t\t\t\t\t<a href=\"#\" class=\"prev icon_small_arrow left_black\"><\/a>\n\t\t\t\t\t\t\t\t\t<\/li>\n\t\t\t\t\t\t\t\t\t<li>\n\t\t\t\t\t\t\t\t\t\t<a href=\"#\" class=\"next icon_small_arrow right_black\"><\/a>\n\t\t\t\t\t\t\t\t\t<\/li>\n\t\t\t\t\t\t\t\t<\/ul><\/div>\n\t\t\t\t\t<\/div>\n\t\t\t\t<\/div><li id=\"gallery-details-zawadzka-katarzyna\" class=\"gallery_item_details clearfix\">\n\t\t\t\t\t<div class=\"columns no_width\">\n\t\t\t\t\t\t<div class=\"column_left\"><div class=\"gallery_box \"><div class=\"description\">\n\t\t\t\t\t\t\t\t\t\t<h3>Katarzyna Zawadzka<\/h3>\n\t\t\t\t\t\t\t\t\t\t<h5>Endokrynolog<\/h5>\n\t\t\t\t\t\t\t\t\t<\/div><\/div><\/div>\n\t\t\t\t\t<div class=\"column_right\">\n\t\t\t\t\t\t<div class=\"details_box\"><h2 class=\"box_header\"> Katarzyna Zawadzka<\/h2><ul class=\"controls page_margin_top\">\n\t\t\t\t\t\t\t\t\t<li>\n\t\t\t\t\t\t\t\t\t\t<a href=\"#gallery-details-close\" class=\"close\"><\/a>\n\t\t\t\t\t\t\t\t\t<\/li>\n\t\t\t\t\t\t\t\t\t<li>\n\t\t\t\t\t\t\t\t\t\t<a href=\"#\" class=\"prev icon_small_arrow left_black\"><\/a>\n\t\t\t\t\t\t\t\t\t<\/li>\n\t\t\t\t\t\t\t\t\t<li>\n\t\t\t\t\t\t\t\t\t\t<a href=\"#\" class=\"next icon_small_arrow right_black\"><\/a>\n\t\t\t\t\t\t\t\t\t<\/li>\n\t\t\t\t\t\t\t\t<\/ul><\/div>\n\t\t\t\t\t<\/div>\n\t\t\t\t<\/div><li id=\"gallery-details-2910\" class=\"gallery_item_details clearfix\">\n\t\t\t\t\t<div class=\"columns no_width\">\n\t\t\t\t\t\t<div class=\"column_left\"><div class=\"gallery_box \"><div class=\"description\">\n\t\t\t\t\t\t\t\t\t\t<h3>Krystyna Ko\u0142towska<\/h3>\n\t\t\t\t\t\t\t\t\t\t<h5>Manager medyczny, fizjoterapeuta, technik masa\u017cu<\/h5>\n\t\t\t\t\t\t\t\t\t<\/div><\/div><\/div>\n\t\t\t\t\t<div class=\"column_right\">\n\t\t\t\t\t\t<div class=\"details_box\"><h2 class=\"box_header\"> Krystyna Ko\u0142towska<\/h2><p>[vc_row][vc_column]<ul class=\"info_list page_margin_top clearfix\"><li class=\"clearfix\">\n\t\t\t<label>Specjalizacja<\/label><div class=\"text\">Manager medyczny, fizjoterapeuta, technik masa\u017cu<\/div><\/li><li class=\"clearfix\">\n\t\t\t<label>Tytu\u0142<\/label><div class=\"text\">Manager medyczny, fizjoterapeuta, technik masa\u017cu<\/div><\/li><li class=\"clearfix\">\n\t\t\t<label>Opis<\/label><div class=\"text\">Obs\u0142uga pacjent\u00f3w, fizjoterapia<\/div><\/li><li class=\"clearfix\">\n\t\t\t<label>Wizyty<\/label><div class=\"text\">Gabinet<\/div><\/li><li class=\"clearfix\">\n\t\t\t<label>Dni przyj\u0119\u0107<\/label><div class=\"text\">poniedzia\u0142ek - sobota<\/div><\/li><\/ul>[\/vc_column][\/vc_row]<\/p>\n<ul class=\"controls page_margin_top\">\n\t\t\t\t\t\t\t\t\t<li>\n\t\t\t\t\t\t\t\t\t\t<a href=\"#gallery-details-close\" class=\"close\"><\/a>\n\t\t\t\t\t\t\t\t\t<\/li>\n\t\t\t\t\t\t\t\t\t<li>\n\t\t\t\t\t\t\t\t\t\t<a href=\"#\" class=\"prev icon_small_arrow left_black\"><\/a>\n\t\t\t\t\t\t\t\t\t<\/li>\n\t\t\t\t\t\t\t\t\t<li>\n\t\t\t\t\t\t\t\t\t\t<a href=\"#\" class=\"next icon_small_arrow right_black\"><\/a>\n\t\t\t\t\t\t\t\t\t<\/li>\n\t\t\t\t\t\t\t\t<\/ul><\/div>\n\t\t\t\t\t<\/div>\n\t\t\t\t<\/div><li id=\"gallery-details-maciej-lacki\" class=\"gallery_item_details clearfix\">\n\t\t\t\t\t<div class=\"columns no_width\">\n\t\t\t\t\t\t<div class=\"column_left\"><div class=\"gallery_box \"><div class=\"description\">\n\t\t\t\t\t\t\t\t\t\t<h3>Maciej \u0141\u0105cki<\/h3>\n\t\t\t\t\t\t\t\t\t\t<h5>Terapia manualna i Terapia INDIBA<\/h5>\n\t\t\t\t\t\t\t\t\t<\/div><\/div><\/div>\n\t\t\t\t\t<div class=\"column_right\">\n\t\t\t\t\t\t<div class=\"details_box\"><h2 class=\"box_header\"> Maciej \u0141\u0105cki<\/h2><ul class=\"controls page_margin_top\">\n\t\t\t\t\t\t\t\t\t<li>\n\t\t\t\t\t\t\t\t\t\t<a href=\"#gallery-details-close\" class=\"close\"><\/a>\n\t\t\t\t\t\t\t\t\t<\/li>\n\t\t\t\t\t\t\t\t\t<li>\n\t\t\t\t\t\t\t\t\t\t<a href=\"#\" class=\"prev icon_small_arrow left_black\"><\/a>\n\t\t\t\t\t\t\t\t\t<\/li>\n\t\t\t\t\t\t\t\t\t<li>\n\t\t\t\t\t\t\t\t\t\t<a href=\"#\" class=\"next icon_small_arrow right_black\"><\/a>\n\t\t\t\t\t\t\t\t\t<\/li>\n\t\t\t\t\t\t\t\t<\/ul><\/div>\n\t\t\t\t\t<\/div>\n\t\t\t\t<\/div><\/ul><ul class=\"items_list page_margin_top clearfix\"><li class=\"clearfix\" id=\"gallery-item-certyfikowane-centrum-medycyny-podrozy\"><span><a href=\"#gallery-details-certyfikowane-centrum-medycyny-podrozy\" class=\"open_details\">Certyfikowane Centrum Medycyny Podr\u00f3\u017cy<\/a><\/span><div class=\"value\">Szczepienia dla podr\u00f3\u017cuj\u0105cych<\/div><\/li><\/li><li class=\"clearfix\" id=\"gallery-item-zawadzka-katarzyna\"><span><a href=\"#gallery-details-zawadzka-katarzyna\" class=\"open_details\">Katarzyna Zawadzka<\/a><\/span><div class=\"value\">Endokrynolog<\/div><\/li><\/li><li class=\"clearfix\" id=\"gallery-item-2910\"><span><a href=\"#gallery-details-2910\" class=\"open_details\">Krystyna Ko\u0142towska<\/a><\/span><div class=\"value\">Manager medyczny, fizjoterapeuta, technik masa\u017cu<\/div><\/li><\/li><li class=\"clearfix\" id=\"gallery-item-maciej-lacki\"><span><a href=\"#gallery-details-maciej-lacki\" class=\"open_details\">Maciej \u0141\u0105cki<\/a><\/span><div class=\"value\">Terapia manualna i Terapia INDIBA<\/div><\/li><\/li><\/ul>[\/vc_column][vc_column width=&#8221;1\/3&#8243;]<h3 class=\"box_header page_margin_top\">Lekarze POZ<\/h3><ul class=\"gallery_item_details_list clearfix\"><li id=\"gallery-details-robert-brown-prof\" class=\"gallery_item_details clearfix\">\n\t\t\t\t\t<div class=\"columns no_width\">\n\t\t\t\t\t\t<div class=\"column_left\"><div class=\"gallery_box \"><div class=\"description\">\n\t\t\t\t\t\t\t\t\t\t<h3>Kostas Papadopulos<\/h3>\n\t\t\t\t\t\t\t\t\t\t<h5>Lekarz Rodzinny<\/h5>\n\t\t\t\t\t\t\t\t\t<\/div><\/div><\/div>\n\t\t\t\t\t<div class=\"column_right\">\n\t\t\t\t\t\t<div class=\"details_box\"><h2 class=\"box_header\"> Kostas Papadopulos<\/h2><p>[vc_row el_position=&#8221;first last&#8221;][vc_column]<ul class=\"info_list page_margin_top clearfix\"><li class=\"clearfix\">\n\t\t\t<label>Specjalista<\/label><div class=\"text\">Lekarz Rodzinny<\/div><\/li><li class=\"clearfix\">\n\t\t\t<label>Tytu\u0142<\/label><div class=\"text\">Lekarz<\/div><\/li><li class=\"clearfix\">\n\t\t\t<label>Opis<\/label><div class=\"text\">Kompleksowa opieka lekarza rodzinnego<\/div><\/li><li class=\"clearfix\">\n\t\t\t<label>Wizyty<\/label><div class=\"text\">Stacjonarne<\/div><\/li><li class=\"clearfix\">\n\t\t\t<label>Dni przyj\u0119\u0107<\/label><div class=\"text\">poniedzia\u0142ek - pi\u0105tek<\/div><\/li><\/ul>[\/vc_column][\/vc_row]<\/p>\n<ul class=\"controls page_margin_top\">\n\t\t\t\t\t\t\t\t\t<li>\n\t\t\t\t\t\t\t\t\t\t<a href=\"#gallery-details-close\" class=\"close\"><\/a>\n\t\t\t\t\t\t\t\t\t<\/li>\n\t\t\t\t\t\t\t\t\t<li>\n\t\t\t\t\t\t\t\t\t\t<a href=\"#\" class=\"prev icon_small_arrow left_black\"><\/a>\n\t\t\t\t\t\t\t\t\t<\/li>\n\t\t\t\t\t\t\t\t\t<li>\n\t\t\t\t\t\t\t\t\t\t<a href=\"#\" class=\"next icon_small_arrow right_black\"><\/a>\n\t\t\t\t\t\t\t\t\t<\/li>\n\t\t\t\t\t\t\t\t<\/ul><\/div>\n\t\t\t\t\t<\/div>\n\t\t\t\t<\/div><li id=\"gallery-details-paslawski-maciej\" class=\"gallery_item_details clearfix\">\n\t\t\t\t\t<div class=\"columns no_width\">\n\t\t\t\t\t\t<div class=\"column_left\"><div class=\"gallery_box \"><div class=\"description\">\n\t\t\t\t\t\t\t\t\t\t<h3>Maciej Pas\u0142awski<\/h3>\n\t\t\t\t\t\t\t\t\t\t<h5>Lekarz<\/h5>\n\t\t\t\t\t\t\t\t\t<\/div><\/div><\/div>\n\t\t\t\t\t<div class=\"column_right\">\n\t\t\t\t\t\t<div class=\"details_box\"><h2 class=\"box_header\"> Maciej Pas\u0142awski<\/h2><p>[vc_row][vc_column]<ul class=\"info_list page_margin_top clearfix\"><li class=\"clearfix\">\n\t\t\t<label>Specjalizacja<\/label><div class=\"text\">Lekarz<\/div><\/li><li class=\"clearfix\">\n\t\t\t<label>Tytu\u0142<\/label><div class=\"text\">Lekarz<\/div><\/li><li class=\"clearfix\">\n\t\t\t<label>Opis<\/label><div class=\"text\">Kompleksowa opieka lekarska <\/div><\/li><li class=\"clearfix\">\n\t\t\t<label>Wizyty<\/label><div class=\"text\">Stacjonarne, teleporady<\/div><\/li><li class=\"clearfix\">\n\t\t\t<label>Dni przyj\u0119\u0107<\/label><div class=\"text\">poniedzia\u0142ek - pi\u0105tek<\/div><\/li><\/ul>[\/vc_column][\/vc_row]<\/p>\n<ul class=\"controls page_margin_top\">\n\t\t\t\t\t\t\t\t\t<li>\n\t\t\t\t\t\t\t\t\t\t<a href=\"#gallery-details-close\" class=\"close\"><\/a>\n\t\t\t\t\t\t\t\t\t<\/li>\n\t\t\t\t\t\t\t\t\t<li>\n\t\t\t\t\t\t\t\t\t\t<a href=\"#\" class=\"prev icon_small_arrow left_black\"><\/a>\n\t\t\t\t\t\t\t\t\t<\/li>\n\t\t\t\t\t\t\t\t\t<li>\n\t\t\t\t\t\t\t\t\t\t<a href=\"#\" class=\"next icon_small_arrow right_black\"><\/a>\n\t\t\t\t\t\t\t\t\t<\/li>\n\t\t\t\t\t\t\t\t<\/ul><\/div>\n\t\t\t\t\t<\/div>\n\t\t\t\t<\/div><li id=\"gallery-details-anna-kozieja\" class=\"gallery_item_details clearfix\">\n\t\t\t\t\t<div class=\"columns no_width\">\n\t\t\t\t\t\t<div class=\"column_left\"><div class=\"gallery_box \"><div class=\"description\">\n\t\t\t\t\t\t\t\t\t\t<h3>Anna Kozieja<\/h3>\n\t\t\t\t\t\t\t\t\t\t<h5>Internista<\/h5>\n\t\t\t\t\t\t\t\t\t<\/div><\/div><\/div>\n\t\t\t\t\t<div class=\"column_right\">\n\t\t\t\t\t\t<div class=\"details_box\"><h2 class=\"box_header\"> Anna Kozieja<\/h2><p>[vc_row][vc_column]<ul class=\"info_list page_margin_top clearfix\"><li class=\"clearfix\">\n\t\t\t<label>Specjalizacja<\/label><div class=\"text\">Specjalista medycyny rodzinnej, specjalista chor\u00f3b wewn\u0119trznych<\/div><\/li><li class=\"clearfix\">\n\t\t\t<label>Tytu\u0142<\/label><div class=\"text\">Lekarz rodzinny, internista<\/div><\/li><li class=\"clearfix\">\n\t\t\t<label>Opis<\/label><div class=\"text\">Kompleksowa opieka lekarza rodzinnego <\/div><\/li><li class=\"clearfix\">\n\t\t\t<label>Wizyty<\/label><div class=\"text\">Stacjonarne, teleporady<\/div><\/li><li class=\"clearfix\">\n\t\t\t<label>Dni przyj\u0119\u0107<\/label><div class=\"text\">poniedzia\u0142ek, wtorek<\/div><\/li><\/ul>[\/vc_column][\/vc_row]<\/p>\n<p>&nbsp;<\/p>\n<ul class=\"controls page_margin_top\">\n\t\t\t\t\t\t\t\t\t<li>\n\t\t\t\t\t\t\t\t\t\t<a href=\"#gallery-details-close\" class=\"close\"><\/a>\n\t\t\t\t\t\t\t\t\t<\/li>\n\t\t\t\t\t\t\t\t\t<li>\n\t\t\t\t\t\t\t\t\t\t<a href=\"#\" class=\"prev icon_small_arrow left_black\"><\/a>\n\t\t\t\t\t\t\t\t\t<\/li>\n\t\t\t\t\t\t\t\t\t<li>\n\t\t\t\t\t\t\t\t\t\t<a href=\"#\" class=\"next icon_small_arrow right_black\"><\/a>\n\t\t\t\t\t\t\t\t\t<\/li>\n\t\t\t\t\t\t\t\t<\/ul><\/div>\n\t\t\t\t\t<\/div>\n\t\t\t\t<\/div><li id=\"gallery-details-ann-blyumin-prof\" class=\"gallery_item_details clearfix\">\n\t\t\t\t\t<div class=\"columns no_width\">\n\t\t\t\t\t\t<div class=\"column_left\"><div class=\"gallery_box \"><div class=\"description\">\n\t\t\t\t\t\t\t\t\t\t<h3>Krystyna Ka\u0144ska<\/h3>\n\t\t\t\t\t\t\t\t\t\t<h5>Pediatra<\/h5>\n\t\t\t\t\t\t\t\t\t<\/div><\/div><\/div>\n\t\t\t\t\t<div class=\"column_right\">\n\t\t\t\t\t\t<div class=\"details_box\"><h2 class=\"box_header\"> Krystyna Ka\u0144ska<\/h2><p>[vc_row el_position=&#8221;first last&#8221;][vc_column]<ul class=\"info_list page_margin_top clearfix\"><li class=\"clearfix\">\n\t\t\t<label>Specjalizacja<\/label><div class=\"text\">Pediatra<\/div><\/li><li class=\"clearfix\">\n\t\t\t<label>Tytu\u0142<\/label><div class=\"text\">Lekarz<\/div><\/li><li class=\"clearfix\">\n\t\t\t<label>Opis<\/label><div class=\"text\">Kompleksowa opieka pediatryczna, diagnostyka i leczenie dzieci <\/div><\/li><li class=\"clearfix\">\n\t\t\t<label>Wizyty<\/label><div class=\"text\">Stancjonarne, domowe, teleporady<\/div><\/li><li class=\"clearfix\">\n\t\t\t<label>Dni przyj\u0119\u0107<\/label><div class=\"text\">poniedzia\u0142ek - pi\u0105tek<\/div><\/li><\/ul>[\/vc_column][\/vc_row]<\/p>\n<ul class=\"controls page_margin_top\">\n\t\t\t\t\t\t\t\t\t<li>\n\t\t\t\t\t\t\t\t\t\t<a href=\"#gallery-details-close\" class=\"close\"><\/a>\n\t\t\t\t\t\t\t\t\t<\/li>\n\t\t\t\t\t\t\t\t\t<li>\n\t\t\t\t\t\t\t\t\t\t<a href=\"#\" class=\"prev icon_small_arrow left_black\"><\/a>\n\t\t\t\t\t\t\t\t\t<\/li>\n\t\t\t\t\t\t\t\t\t<li>\n\t\t\t\t\t\t\t\t\t\t<a href=\"#\" class=\"next icon_small_arrow right_black\"><\/a>\n\t\t\t\t\t\t\t\t\t<\/li>\n\t\t\t\t\t\t\t\t<\/ul><\/div>\n\t\t\t\t\t<\/div>\n\t\t\t\t<\/div><\/ul><ul class=\"items_list page_margin_top clearfix\"><li class=\"clearfix\" id=\"gallery-item-robert-brown-prof\"><span><a href=\"#gallery-details-robert-brown-prof\" class=\"open_details\">Kostas Papadopulos<\/a><\/span><div class=\"value\">Lekarz Rodzinny<\/div><\/li><\/li><li class=\"clearfix\" id=\"gallery-item-paslawski-maciej\"><span><a href=\"#gallery-details-paslawski-maciej\" class=\"open_details\">Maciej Pas\u0142awski<\/a><\/span><div class=\"value\">Lekarz<\/div><\/li><\/li><li class=\"clearfix\" id=\"gallery-item-anna-kozieja\"><span><a href=\"#gallery-details-anna-kozieja\" class=\"open_details\">Anna Kozieja<\/a><\/span><div class=\"value\">Internista<\/div><\/li><\/li><li class=\"clearfix\" id=\"gallery-item-ann-blyumin-prof\"><span><a href=\"#gallery-details-ann-blyumin-prof\" class=\"open_details\">Krystyna Ka\u0144ska<\/a><\/span><div class=\"value\">Pediatra<\/div><\/li><\/li><\/ul><h3 class=\"box_header page_margin_top\">Piel\u0119gniarki i po\u0142o\u017cne<\/h3><ul class=\"gallery_item_details_list clearfix\"><li id=\"gallery-details-katarzyna-suchodolska\" class=\"gallery_item_details clearfix\">\n\t\t\t\t\t<div class=\"columns no_width\">\n\t\t\t\t\t\t<div class=\"column_left\"><div class=\"gallery_box \"><div class=\"description\">\n\t\t\t\t\t\t\t\t\t\t<h3>Katarzyna Hussain<\/h3>\n\t\t\t\t\t\t\t\t\t\t<h5>Opieka piel\u0119gniarska<\/h5>\n\t\t\t\t\t\t\t\t\t<\/div><\/div><\/div>\n\t\t\t\t\t<div class=\"column_right\">\n\t\t\t\t\t\t<div class=\"details_box\"><h2 class=\"box_header\"> Katarzyna Hussain<\/h2><ul class=\"controls page_margin_top\">\n\t\t\t\t\t\t\t\t\t<li>\n\t\t\t\t\t\t\t\t\t\t<a href=\"#gallery-details-close\" class=\"close\"><\/a>\n\t\t\t\t\t\t\t\t\t<\/li>\n\t\t\t\t\t\t\t\t\t<li>\n\t\t\t\t\t\t\t\t\t\t<a href=\"#\" class=\"prev icon_small_arrow left_black\"><\/a>\n\t\t\t\t\t\t\t\t\t<\/li>\n\t\t\t\t\t\t\t\t\t<li>\n\t\t\t\t\t\t\t\t\t\t<a href=\"#\" class=\"next icon_small_arrow right_black\"><\/a>\n\t\t\t\t\t\t\t\t\t<\/li>\n\t\t\t\t\t\t\t\t<\/ul><\/div>\n\t\t\t\t\t<\/div>\n\t\t\t\t<\/div><li id=\"gallery-details-izabela-serafin\" class=\"gallery_item_details clearfix\">\n\t\t\t\t\t<div class=\"columns no_width\">\n\t\t\t\t\t\t<div class=\"column_left\"><div class=\"gallery_box \"><div class=\"description\">\n\t\t\t\t\t\t\t\t\t\t<h3>Izabela Serafin<\/h3>\n\t\t\t\t\t\t\t\t\t\t<h5>Piel\u0119gniarka<\/h5>\n\t\t\t\t\t\t\t\t\t<\/div><\/div><\/div>\n\t\t\t\t\t<div class=\"column_right\">\n\t\t\t\t\t\t<div class=\"details_box\"><h2 class=\"box_header\"> Izabela Serafin<\/h2><ul class=\"controls page_margin_top\">\n\t\t\t\t\t\t\t\t\t<li>\n\t\t\t\t\t\t\t\t\t\t<a href=\"#gallery-details-close\" class=\"close\"><\/a>\n\t\t\t\t\t\t\t\t\t<\/li>\n\t\t\t\t\t\t\t\t\t<li>\n\t\t\t\t\t\t\t\t\t\t<a href=\"#\" class=\"prev icon_small_arrow left_black\"><\/a>\n\t\t\t\t\t\t\t\t\t<\/li>\n\t\t\t\t\t\t\t\t\t<li>\n\t\t\t\t\t\t\t\t\t\t<a href=\"#\" class=\"next icon_small_arrow right_black\"><\/a>\n\t\t\t\t\t\t\t\t\t<\/li>\n\t\t\t\t\t\t\t\t<\/ul><\/div>\n\t\t\t\t\t<\/div>\n\t\t\t\t<\/div><li id=\"gallery-details-justyna-plesniak\" class=\"gallery_item_details clearfix\">\n\t\t\t\t\t<div class=\"columns no_width\">\n\t\t\t\t\t\t<div class=\"column_left\"><div class=\"gallery_box \"><div class=\"description\">\n\t\t\t\t\t\t\t\t\t\t<h3>Justyna Ple\u015bniak<\/h3>\n\t\t\t\t\t\t\t\t\t\t<h5>Szczepienia<\/h5>\n\t\t\t\t\t\t\t\t\t<\/div><\/div><\/div>\n\t\t\t\t\t<div class=\"column_right\">\n\t\t\t\t\t\t<div class=\"details_box\"><h2 class=\"box_header\"> Justyna Ple\u015bniak<\/h2><ul class=\"controls page_margin_top\">\n\t\t\t\t\t\t\t\t\t<li>\n\t\t\t\t\t\t\t\t\t\t<a href=\"#gallery-details-close\" class=\"close\"><\/a>\n\t\t\t\t\t\t\t\t\t<\/li>\n\t\t\t\t\t\t\t\t\t<li>\n\t\t\t\t\t\t\t\t\t\t<a href=\"#\" class=\"prev icon_small_arrow left_black\"><\/a>\n\t\t\t\t\t\t\t\t\t<\/li>\n\t\t\t\t\t\t\t\t\t<li>\n\t\t\t\t\t\t\t\t\t\t<a href=\"#\" class=\"next icon_small_arrow right_black\"><\/a>\n\t\t\t\t\t\t\t\t\t<\/li>\n\t\t\t\t\t\t\t\t<\/ul><\/div>\n\t\t\t\t\t<\/div>\n\t\t\t\t<\/div><li id=\"gallery-details-earlene-milone-prof\" class=\"gallery_item_details clearfix\">\n\t\t\t\t\t<div class=\"columns no_width\">\n\t\t\t\t\t\t<div class=\"column_left\"><div class=\"gallery_box \"><div class=\"description\">\n\t\t\t\t\t\t\t\t\t\t<h3>Marcelina Mularczyk<\/h3>\n\t\t\t\t\t\t\t\t\t\t<h5>Po\u0142o\u017cna<\/h5>\n\t\t\t\t\t\t\t\t\t<\/div><\/div><\/div>\n\t\t\t\t\t<div class=\"column_right\">\n\t\t\t\t\t\t<div class=\"details_box\"><h2 class=\"box_header\"> Marcelina Mularczyk<\/h2><p>[vc_row el_position=&#8221;first last&#8221;][vc_column]<ul class=\"info_list page_margin_top clearfix\"><li class=\"clearfix\">\n\t\t\t<label>Specjalizacja<\/label><div class=\"text\">Po\u0142o\u017cna<\/div><\/li><li class=\"clearfix\">\n\t\t\t<label>Magister po\u0142o\u017cnictwa<\/label><div class=\"text\">Stopie\u0144<\/div><\/li><li class=\"clearfix\">\n\t\t\t<label>Opis<\/label><div class=\"text\">Opieka po\u0142o\u017cnicza kobiet w ci\u0105\u017cy.<\/div><\/li><li class=\"clearfix\">\n\t\t\t<label>Wizyty<\/label><div class=\"text\">Gabinet<\/div><\/li><li class=\"clearfix\">\n\t\t\t<label>Dni przyj\u0119\u0107<\/label><div class=\"text\">poniedzia\u0142ek - pi\u0105tek<\/div><\/li><\/ul>[\/vc_column][\/vc_row]<\/p>\n<div class=\"item_footer clearfix\">\n\t\t\t\t\t\t\t\t<a title=\"\" href=\"\" class=\"more\">\n\t\t\t\t\t\t\t\t\t &rarr;\n\t\t\t\t\t\t\t\t<\/a>\n\t\t\t\t\t\t\t<\/div><ul class=\"controls page_margin_top\">\n\t\t\t\t\t\t\t\t\t<li>\n\t\t\t\t\t\t\t\t\t\t<a href=\"#gallery-details-close\" class=\"close\"><\/a>\n\t\t\t\t\t\t\t\t\t<\/li>\n\t\t\t\t\t\t\t\t\t<li>\n\t\t\t\t\t\t\t\t\t\t<a href=\"#\" class=\"prev icon_small_arrow left_black\"><\/a>\n\t\t\t\t\t\t\t\t\t<\/li>\n\t\t\t\t\t\t\t\t\t<li>\n\t\t\t\t\t\t\t\t\t\t<a href=\"#\" class=\"next icon_small_arrow right_black\"><\/a>\n\t\t\t\t\t\t\t\t\t<\/li>\n\t\t\t\t\t\t\t\t<\/ul><\/div>\n\t\t\t\t\t<\/div>\n\t\t\t\t<\/div><\/ul><ul class=\"items_list page_margin_top clearfix\"><li class=\"clearfix\" id=\"gallery-item-katarzyna-suchodolska\"><span><a href=\"#gallery-details-katarzyna-suchodolska\" class=\"open_details\">Katarzyna Hussain<\/a><\/span><div class=\"value\">Opieka piel\u0119gniarska<\/div><\/li><\/li><li class=\"clearfix\" id=\"gallery-item-izabela-serafin\"><span><a href=\"#gallery-details-izabela-serafin\" class=\"open_details\">Izabela Serafin<\/a><\/span><div class=\"value\">Piel\u0119gniarka<\/div><\/li><\/li><li class=\"clearfix\" id=\"gallery-item-justyna-plesniak\"><span><a href=\"#gallery-details-justyna-plesniak\" class=\"open_details\">Justyna Ple\u015bniak<\/a><\/span><div class=\"value\">Szczepienia<\/div><\/li><\/li><li class=\"clearfix\" id=\"gallery-item-earlene-milone-prof\"><span><a href=\"#gallery-details-earlene-milone-prof\" class=\"open_details\">Marcelina Mularczyk<\/a><\/span><div class=\"value\">Po\u0142o\u017cna<\/div><\/li><\/li><\/ul>[vc_widget_sidebar top_margin=&#8221;page_margin_top_section&#8221; sidebar_id=&#8221;sidebar-home-right&#8221; el_position=&#8221;first last&#8221;][\/vc_column][\/vc_row][vc_row][vc_column][vc_single_image image=&#8221;3450&#8243; img_size=&#8221;full&#8221;][\/vc_column][\/vc_row]<\/p>\n","protected":false},"excerpt":{"rendered":"<p>[vc_row top_margin=&#8221;page_margin_top&#8221; el_position=&#8221;first last&#8221;][vc_column width=&#8221;2\/3&#8243;][\/vc_column][vc_column width=&#8221;1\/3&#8243;][vc_widget_sidebar top_margin=&#8221;page_margin_top_section&#8221; sidebar_id=&#8221;sidebar-home-right&#8221; el_position=&#8221;first last&#8221;][\/vc_column][\/vc_row][vc_row][vc_column][vc_single_image image=&#8221;3450&#8243; img_size=&#8221;full&#8221;][\/vc_column][\/vc_row]<\/p>\n","protected":false},"author":1,"featured_media":0,"parent":0,"menu_order":0,"comment_status":"closed","ping_status":"closed","template":"template-home.php","meta":{"footnotes":""},"class_list":["post-2537","page","type-page","status-publish","hentry"],"_links":{"self":[{"href":"https:\/\/olimpiamed.pl\/index.php?rest_route=\/wp\/v2\/pages\/2537","targetHints":{"allow":["GET"]}}],"collection":[{"href":"https:\/\/olimpiamed.pl\/index.php?rest_route=\/wp\/v2\/pages"}],"about":[{"href":"https:\/\/olimpiamed.pl\/index.php?rest_route=\/wp\/v2\/types\/page"}],"author":[{"embeddable":true,"href":"https:\/\/olimpiamed.pl\/index.php?rest_route=\/wp\/v2\/users\/1"}],"replies":[{"embeddable":true,"href":"https:\/\/olimpiamed.pl\/index.php?rest_route=%2Fwp%2Fv2%2Fcomments&post=2537"}],"version-history":[{"count":58,"href":"https:\/\/olimpiamed.pl\/index.php?rest_route=\/wp\/v2\/pages\/2537\/revisions"}],"predecessor-version":[{"id":3451,"href":"https:\/\/olimpiamed.pl\/index.php?rest_route=\/wp\/v2\/pages\/2537\/revisions\/3451"}],"wp:attachment":[{"href":"https:\/\/olimpiamed.pl\/index.php?rest_route=%2Fwp%2Fv2%2Fmedia&parent=2537"}],"curies":[{"name":"wp","href":"https:\/\/api.w.org\/{rel}","templated":true}]}}