{"id":3262,"date":"2021-08-25T10:26:44","date_gmt":"2021-08-25T08:26:44","guid":{"rendered":"http:\/\/olimpiamed.pl\/?page_id=3262"},"modified":"2021-08-25T10:26:44","modified_gmt":"2021-08-25T08:26:44","slug":"standard-teleporady","status":"publish","type":"page","link":"http:\/\/olimpiamed.pl\/?page_id=3262","title":{"rendered":"Standard teleporady"},"content":{"rendered":"<p align=\"center\"><span style=\"font-family: Times New Roman, serif;\"><span style=\"font-size: medium;\"><b><span style=\"color: #000000;\"><span style=\"font-size: x-large;\">STANDARD TELEPORADY W RAMACH PODSTAWOWEJ OPIEKI ZDROWOTNEJ<\/span><\/span><\/b><\/span><\/span><\/p>\n<p align=\"center\"><span style=\"color: #000000;\">?\u00a0<\/span><span style=\"font-family: Times New Roman, serif;\"><span style=\"font-size: medium;\"><b><span style=\"color: #000000;\"><span style=\"font-size: x-large;\">zasady<\/span><\/span><\/b><b><span style=\"color: #000000;\"><span style=\"font-size: x-large;\">, informacja dla Pacjenta<\/span><\/span><\/b><\/span><\/span><\/p>\n<ol type=\"I\">\n<li><span style=\"font-family: Times New Roman, serif;\"><span style=\"font-size: medium;\"><b><span style=\"color: #222222;\"><span style=\"font-size: large;\">Zasady realizacji teleporady okre\u015blone przepisami prawa.<\/span><\/span><\/b><\/span><\/span><\/li>\n<\/ol>\n<p><span style=\"font-family: Times New Roman, serif;\"><span style=\"font-size: medium;\"><span style=\"color: #222222;\">W dniu 16 marca 2021 r. wesz\u0142o w \u017cycie rozporz\u0105dzenie Ministra Zdrowia z dnia 5 marca 2021 r. (Dz.U. z 2021 r. poz. 427), zmieniaj\u0105ce rozporz\u0105dzenie w sprawie standard organizacyjnego teleporady w ramach podstawowej opieki zdrowotnej.<\/span><\/span><\/span><\/p>\n<p><span style=\"font-family: Times New Roman, serif;\"><span style=\"font-size: medium;\"><span style=\"color: #222222;\">Standard ten obejmuje:<\/span><\/span><\/span><\/p>\n<ol>\n<li><span style=\"font-family: Times New Roman, serif;\"><span style=\"font-size: medium;\"><span style=\"color: #222222;\">Informowanie przez \u015bwiadczeniodawc\u0119 POZ w miejscu wykonywania \u015bwiadcze\u0144 oraz na stronie internetowej tego \u015bwiadczeniodawcy, a na \u017c\u0105danie pacjenta r\u00f3wnie\u017c telefonicznie, o warunkach udzielania teleporad z uwzgl\u0119dnieniem prawa pacjenta do zg\u0142oszenia w trakcie teleporady woli osobistego kontaktu z w\u0142a\u015bciwym personelem medycznym; informacja okre\u015bla:<\/span><\/span><\/span><\/li>\n<\/ol>\n<ol>\n<li style=\"list-style-type: none;\">\n<ol type=\"a\">\n<li><span style=\"font-family: Times New Roman, serif;\"><span style=\"font-size: medium;\"><span style=\"color: #222222;\">systemy teleinformatyczne lub systemy \u0142\u0105czno\u015bci, przy u\u017cyciu kt\u00f3rych \u015bwiadczeniodawca POZ udziela teleporad,<\/span><\/span><\/span><\/li>\n<li><span style=\"font-family: Times New Roman, serif;\"><span style=\"font-size: medium;\"><span style=\"color: #222222;\">spos\u00f3b ustalenia terminu teleporady,<\/span><\/span><\/span><\/li>\n<li><span style=\"font-family: Times New Roman, serif;\"><span style=\"font-size: medium;\"><span style=\"color: #222222;\">spos\u00f3b nawi\u0105zania kontaktu mi\u0119dzy \u015bwiadczeniodawc\u0105 POZ a pacjentem w celu udzielenia teleporady oraz spos\u00f3b jej udzielenia,<\/span><\/span><\/span><\/li>\n<li><span style=\"font-family: Times New Roman, serif;\"><span style=\"font-size: medium;\"><span style=\"color: #222222;\">spos\u00f3b post\u0119powania w sytuacji, gdy brak kontaktu z pacjentem w ustalonym terminie teleporady skutkuje jej anulowaniem, przy czym \u015bwiadczeniodawca POZ jest obowi\u0105zany do podj\u0119cia co najmniej trzykrotnej pr\u00f3by kontaktu z pacjentem, w odst\u0119pie nie kr\u00f3tszym ni\u017c 5 minut, w celu udzielenia teleporady,<\/span><\/span><\/span><\/li>\n<li><span style=\"font-family: Times New Roman, serif;\"><span style=\"font-size: medium;\"><span style=\"color: #222222;\">mo\u017cliwo\u015b\u0107 skorzystania ze \u015bwiadczenia opieki zdrowotnej udzielonego w bezpo\u015brednim kontakcie z pacjentem, w przypadku gdy niezb\u0119dne z uwagi na stan zdrowia pacjenta \u015bwiadczenie zdrowotne nie jest mo\u017cliwe do zrealizowania w formie teleporady ? okoliczno\u015b\u0107 ta powinna by\u0107 ustalana w porozumieniu z pacjentem lub jego opiekunem ustawowym,<\/span><\/span><\/span><\/li>\n<li><span style=\"font-family: Times New Roman, serif;\"><span style=\"font-size: medium;\"><span style=\"color: #222222;\">instrukcje o sposobie: realizacji e-recepty, realizacji e-skierowania, realizacji e-zlecenia na wyroby medyczne, realizacji zlecenia bada\u0144 dodatkowych, w szczeg\u00f3lno\u015bci laboratoryjnych lub obrazowych, a tak\u017ce mo\u017cliwo\u015bci za\u0142o\u017cenia przez pacjenta Internetowego Konta Pacjenta;<\/span><\/span><\/span><\/li>\n<\/ol>\n<\/li>\n<\/ol>\n<ol start=\"2\">\n<li><span style=\"font-family: Times New Roman, serif;\"><span style=\"font-size: medium;\"><span style=\"color: #222222;\">Informowanie Narodowego Funduszu Zdrowia przez \u015bwiadczeniodawc\u0119 POZ o numerze telefonu, pod kt\u00f3rym s\u0105 udzielane teleporady, w przypadku teleporad udzielanych telefonicznie;<\/span><\/span><\/span><\/li>\n<li><span style=\"font-family: Times New Roman, serif;\"><span style=\"font-size: medium;\"><span style=\"color: #222222;\">Potwierdzenie przez osob\u0119 udzielaj\u0105c\u0105 teleporady, przed jej udzieleniem, to\u017csamo\u015bci pacjenta na podstawie danych, o kt\u00f3rych mowa w art. 25 ust. 1 pkt 1 ustawy z dnia 6 listopada 2008 r. o prawach pacjenta i Rzeczniku Praw Pacjenta (Dz. U. z 2020 r. poz. 849), przekazanych przez niego za po\u015brednictwem system\u00f3w teleinformatycznych lub system\u00f3w \u0142\u0105czno\u015bci oraz:<\/span><\/span><\/span><\/li>\n<\/ol>\n<ol>\n<li style=\"list-style-type: none;\">\n<ol type=\"a\">\n<li><span style=\"font-family: Times New Roman, serif;\"><span style=\"font-size: medium;\"><span style=\"color: #222222;\">na podstawie danych wskazanych w dokumentacji medycznej lub deklaracji wyboru, o kt\u00f3rej mowa w art. 10 ustawy z dnia 27 pa\u017adziernika 2017 r. o podstawowej opiece zdrowotnej, lub<\/span><\/span><\/span><\/li>\n<li><span style=\"font-family: Times New Roman, serif;\"><span style=\"font-size: medium;\"><span style=\"color: #222222;\">po okazaniu przez pacjenta dokumentu potwierdzaj\u0105cego to\u017csamo\u015b\u0107, przy udzielaniu \u015bwiadczenia opieki zdrowotnej w formie wideoporady, lub<\/span><\/span><\/span><\/li>\n<li><span style=\"font-family: Times New Roman, serif;\"><span style=\"font-size: medium;\"><span style=\"color: #222222;\">przy wykorzystaniu elektronicznego konta pacjenta utworzonego w wyniku potwierdzenia jego to\u017csamo\u015bci osobi\u015bcie lub w spos\u00f3b okre\u015blony w art. 20a ust. 1 pkt 1 ustawy z dnia 17 lutego 2005 r. o informatyzacji dzia\u0142alno\u015bci podmiot\u00f3w realizuj\u0105cych zadania publiczne (Dz. U. z 2020 r. poz. 346, 568 i 695);<\/span><\/span><\/span><\/li>\n<\/ol>\n<\/li>\n<\/ol>\n<ol start=\"4\">\n<li><span style=\"font-family: Times New Roman, serif;\"><span style=\"font-size: medium;\"><span style=\"color: #222222;\">Dokonanie, przez osob\u0119 udzielaj\u0105c\u0105 teleporady, adnotacji w dokumentacji medycznej o realizacji \u015bwiadczenia zdrowotnego w formie teleporady;<\/span><\/span><\/span><\/li>\n<li><span style=\"font-family: Times New Roman, serif;\"><span style=\"font-size: medium;\"><span style=\"color: #222222;\">Przeprowadzenie teleporady w warunkach gwarantuj\u0105cych poufno\u015b\u0107, w tym zapewnienie braku dost\u0119pu os\u00f3b nieuprawnionych do informacji przekazywanych za po\u015brednictwem system\u00f3w teleinformatycznych lub system\u00f3w \u0142\u0105czno\u015bci w zwi\u0105zku z udzieleniem teleporady;<\/span><\/span><\/span><\/li>\n<li><span style=\"font-family: Times New Roman, serif;\"><span style=\"font-size: medium;\"><span style=\"color: #222222;\">W przypadku przekazywania informacji dotycz\u0105cej stanu zdrowia pacjenta, w tym cyfrowego odwzorowania dokumentacji medycznej, za po\u015brednictwem system\u00f3w teleinformatycznych, stosowanie przez \u015bwiadczeniodawc\u0119 POZ rozwi\u0105za\u0144 techniczno-organizacyjnych s\u0142u\u017c\u0105cych zapewnieniu transmisji dokument\u00f3w elektronicznych w postaci graficznej i tekstowej, w spos\u00f3b zapewniaj\u0105cy ich integralno\u015b\u0107 oraz ochron\u0119 przed nieuprawnionym wykorzystaniem, przypadkowym lub niezgodnym z prawem zniszczeniem, utraceniem, zmodyfikowaniem, nieuprawnionym ujawnieniem lub nieuprawnionym dost\u0119pem;<\/span><\/span><\/span><\/li>\n<li><span style=\"font-family: Times New Roman, serif;\"><span style=\"font-size: medium;\"><span style=\"color: #222222;\">Dokonanie przez osob\u0119 udzielaj\u0105c\u0105 teleporady na podstawie badania podmiotowego i po analizie dost\u0119pnej dokumentacji medycznej pacjenta, w tym udost\u0119pnionej za po\u015brednictwem systemu teleinformatycznego, o kt\u00f3rym mowa w art. 7 ust. 1 ustawy z dnia 28 kwietnia 2011 r. o systemie informacji w ochronie zdrowia (Dz. U. z 2020 r. poz. 702), nast\u0119puj\u0105cych czynno\u015bci:<\/span><\/span><\/span><\/li>\n<\/ol>\n<ol>\n<li style=\"list-style-type: none;\">\n<ol type=\"a\">\n<li><span style=\"font-family: Times New Roman, serif;\"><span style=\"font-size: medium;\"><span style=\"color: #222222;\">udzielenie \u015bwiadczenia zdrowotnego, w tym ustalenie, czy teleporada jest wystarczaj\u0105ca dla problemu zdrowotnego b\u0119d\u0105cego jej przedmiotem, lub<\/span><\/span><\/span><\/li>\n<li><span style=\"font-family: Times New Roman, serif;\"><span style=\"font-size: medium;\"><span style=\"color: #222222;\">poinformowanie pacjenta o konieczno\u015bci udzielenia \u015bwiadczenia zdrowotnego w bezpo\u015brednim kontakcie z pacjentem, je\u017celi charakter aktualnego problemu zdrowotnego uniemo\u017cliwia udzielenie \u015bwiadczenia zdrowotnego w formie teleporady.<\/span><\/span><\/span><\/li>\n<\/ol>\n<\/li>\n<\/ol>\n<ol start=\"2\" type=\"I\">\n<li><span style=\"font-family: Times New Roman, serif;\"><span style=\"font-size: medium;\"><b><span style=\"color: #222222;\"><span style=\"font-size: large;\">Informacja dla Pacjenta NZOZ Olimpiamed <\/span><\/span><\/b><\/span><\/span><\/li>\n<\/ol>\n<p><span style=\"font-family: Times New Roman, serif;\"><span style=\"font-size: medium;\"><span style=\"color: #222222;\">Zgodnie z rozporz\u0105dzeniem Ministra Zdrowia z dnia 5 marca 2021 r. (Dz.U. z 2021 r. poz. 427), ustala si\u0119 zasady realizacji teleporad w podstawowej opiece zdrowotnej w <\/span><span style=\"color: #222222;\">NZOZ Olimpiamed<\/span><span style=\"color: #222222;\">:<\/span><\/span><\/span><\/p>\n<p align=\"center\"><span style=\"font-family: Times New Roman, serif;\"><span style=\"font-size: medium;\"><b><span style=\"color: #222222;\">ZA PODSTAWOW\u0104 ZASAD\u0118 PRZYJMUJE SI\u0118, I\u017b PIERWSZORAZOWA WIZYTA W PRZYPADKU KA\u017bDEGO NOWEGO ZACHOROWANIA POWINNA ODBY\u0106 SI\u0118 OSOBI\u015aCIE<\/span><\/b><\/span><\/span><\/p>\n<ol>\n<li><span style=\"font-family: Times New Roman, serif;\"><span style=\"font-size: medium;\"><span style=\"color: #222222;\">Pacjent ma prawo korzystania ze \u015bwiadcze\u0144 opieki zdrowotnej udzielanej w formie bezpo\u015bredniej wizyty lekarskiej udzielanej w podmiocie leczniczym, jak i teleporady.<\/span><\/span><\/span><\/li>\n<\/ol>\n<ol start=\"2\">\n<li><span style=\"font-family: Times New Roman, serif;\"><span style=\"font-size: medium;\"><span style=\"color: #222222;\">Bezpo\u015brednia wizyta lekarska jest udzielana gdy:<\/span><\/span><\/span><\/li>\n<\/ol>\n<ul>\n<li><span style=\"font-family: Times New Roman, serif;\"><span style=\"font-size: medium;\"><span style=\"color: #000000;\"><span style=\"font-size: small;\">pacjent (lub jego opiekun ustawowy) nie wyra\u017ca zgody na teleporad\u0119,<\/span><\/span><\/span><\/span><\/li>\n<li><span style=\"font-family: Times New Roman, serif;\"><span style=\"font-size: medium;\"><span style=\"color: #000000;\"><span style=\"font-size: small;\">pacjent cierpi na przewlek\u0142\u0105 chorob\u0119, gdy dosz\u0142o do jej pogorszenia lub zmiany objaw\u00f3w,<\/span><\/span><\/span><\/span><\/li>\n<li><span style=\"font-family: Times New Roman, serif;\"><span style=\"font-size: medium;\"><span style=\"color: #000000;\"><span style=\"font-size: small;\">istnieje podejrzenie choroby nowotworowej,<\/span><\/span><\/span><\/span><\/li>\n<li><span style=\"font-family: Times New Roman, serif;\"><span style=\"font-size: medium;\"><span style=\"color: #000000;\"><span style=\"font-size: small;\">dziecko, z kt\u00f3rym zg\u0142asza si\u0119 rodzic, nie ma jeszcze 6 lat,<\/span><\/span><\/span><\/span><\/li>\n<li><span style=\"font-family: Times New Roman, serif;\"><span style=\"font-size: medium;\"><span style=\"color: #000000;\"><span style=\"font-size: small;\">podczas pierwszej wizyty u lekarza, piel\u0119gniarki lub po\u0142o\u017cnej podstawowej opieki lekarskiej, wskazanych w deklaracji wyboru.<\/span><\/span><\/span><\/span><\/li>\n<\/ul>\n<ol start=\"3\">\n<li><span style=\"font-family: Times New Roman, serif;\"><span style=\"font-size: medium;\"><span style=\"color: #222222;\">Pacjent zg\u0142asza potrzeb\u0119 udzielenia mu \u015bwiadczenia zdrowotnego telefonicznie lub osobi\u015bcie w Rejestracji POZ. Rejestracja potwierdza jego dane kontaktowe, informuje pacjenta o planowanym terminie i godzinie teleporady\/lub wizyty osobistej. Lekarz w wyznaczonym dniu i godzinie kontaktuje si\u0119 telefonicznie z pacjentem.<\/span><\/span><\/span><\/li>\n<li><span style=\"font-family: Times New Roman, serif;\"><span style=\"font-size: medium;\"><span style=\"color: #222222;\">Teleporada udzielana jest, gdy:<\/span><\/span><\/span><\/li>\n<\/ol>\n<ul>\n<li><span style=\"font-family: Times New Roman, serif;\"><span style=\"font-size: medium;\"><span style=\"color: #222222;\">Istnieje podejrzenie zaka\u017cenia wirusem SARS-CoV-2,<\/span><\/span><\/span><\/li>\n<li><span style=\"font-family: Times New Roman, serif;\"><span style=\"font-size: medium;\"><span style=\"color: #222222;\">pacjent potrzebuje recepty na kontynuacj\u0119 leczenia,<\/span><\/span><\/span><\/li>\n<li><span style=\"font-family: Times New Roman, serif;\"><span style=\"font-size: medium;\"><span style=\"color: #222222;\">pacjent potrzebuje zlecenia na zaopatrzenie w wyroby medyczne, jako kontynuacj\u0119\u00a0<\/span><\/span><\/span><span style=\"color: #222222; font-size: medium; font-family: 'Times New Roman', serif;\">poprzedniego zlecenia,<\/span><\/li>\n<\/ul>\n<ul>\n<li><span style=\"font-family: Times New Roman, serif;\"><span style=\"font-size: medium;\"><span style=\"color: #222222;\">pacjent potrzebuje za\u015bwiadczenia o stanie zdrowia,<\/span><\/span><\/span><\/li>\n<li><span style=\"font-family: Times New Roman, serif;\"><span style=\"font-size: medium;\"><span style=\"color: #222222;\">dziecko ma mniej ni\u017c 6 lat i korzysta z porady kontrolnej, kt\u00f3r\u0105 lekarz ustali\u0142 podczas bezpo\u015bredniej wizyty i kt\u00f3ra nie polega na fizycznym badaniu.<\/span><\/span><\/span><\/li>\n<\/ul>\n<ol start=\"5\">\n<li><span style=\"font-family: Times New Roman, serif;\"><span style=\"font-size: medium;\"><span style=\"color: #222222;\">W trakcie teleporady opr\u00f3cz konsultacji medycznej pacjent mo\u017ce otrzyma\u0107 nast\u0119puj\u0105ce dokumenty niezb\u0119dne w dalszym leczeniu, np. e-recept\u0119, e-skierowanie, e-zwolnienie, zlecenie na test na koronawirusa, sugesti\u0119 bezpo\u015bredniej wizyty w przychodni lub kontaktu z pogotowiem ratunkowym (je\u015bli stan zdrowia pacjenta b\u0119dzie tego wymaga\u0142).<\/span><\/span><\/span><\/li>\n<li><span style=\"font-family: Times New Roman, serif;\"><span style=\"font-size: medium;\"><span style=\"color: #222222;\">W przypadku stwierdzenia przez lekarza potrzeby osobistego kontaktu z pacjentem, proszony jest on o ustalenie terminu takiej wizyty w Rejestracji POZ, aby by\u0142a ona mo\u017cliwa w jak najkr\u00f3tszym terminie.<\/span><\/span><\/span><\/li>\n<li><span style=\"font-family: Times New Roman, serif;\"><span style=\"font-size: medium;\"><span style=\"color: #222222;\">Pacjent ma obowi\u0105zek aktualizowania swoich danych teleadresowych, aby umo\u017cliwi\u0107 kontakt ze strony lekarza.<\/span><\/span><\/span><\/li>\n<li><span style=\"font-family: Times New Roman, serif;\"><span style=\"font-size: medium;\"><span style=\"color: #222222;\">Lekarz POZ w ustalonym terminie telporady kontaktuje si\u0119 z pacjentem podejmuj\u0105c 3 pr\u00f3by kontaktu, w odst\u0119pach min. 5-cio minutowych.<\/span><\/span><\/span><\/li>\n<li>\u00a0<a name=\"_GoBack\"><\/a><span style=\"font-family: Times New Roman, serif;\"><span style=\"font-size: medium;\"><span style=\"color: #222222;\">W przypadku braku mo\u017cliwo\u015bci nawi\u0105zania kontaktu z pacjentem (pacjent nie odbiera, podany numer jest nieprawid\u0142owy), lekarz odnotowuje ten fakt w kartotece, a wizyta zostaje anulowana.<\/span><\/span><\/span><\/li>\n<\/ol>\n","protected":false},"excerpt":{"rendered":"<p>STANDARD TELEPORADY W RAMACH PODSTAWOWEJ OPIEKI ZDROWOTNEJ ?\u00a0zasady, informacja dla Pacjenta Zasady realizacji teleporady okre\u015blone przepisami prawa. W dniu 16 marca 2021 r. wesz\u0142o w \u017cycie rozporz\u0105dzenie Ministra Zdrowia z dnia 5 marca 2021 r. (Dz.U. z 2021 r. poz. 427), zmieniaj\u0105ce rozporz\u0105dzenie w sprawie standard organizacyjnego teleporady w ramach podstawowej opieki zdrowotnej. Standard ten<\/p>\n","protected":false},"author":1,"featured_media":0,"parent":0,"menu_order":0,"comment_status":"closed","ping_status":"closed","template":"","meta":{"footnotes":""},"class_list":["post-3262","page","type-page","status-publish","hentry"],"_links":{"self":[{"href":"http:\/\/olimpiamed.pl\/index.php?rest_route=\/wp\/v2\/pages\/3262","targetHints":{"allow":["GET"]}}],"collection":[{"href":"http:\/\/olimpiamed.pl\/index.php?rest_route=\/wp\/v2\/pages"}],"about":[{"href":"http:\/\/olimpiamed.pl\/index.php?rest_route=\/wp\/v2\/types\/page"}],"author":[{"embeddable":true,"href":"http:\/\/olimpiamed.pl\/index.php?rest_route=\/wp\/v2\/users\/1"}],"replies":[{"embeddable":true,"href":"http:\/\/olimpiamed.pl\/index.php?rest_route=%2Fwp%2Fv2%2Fcomments&post=3262"}],"version-history":[{"count":2,"href":"http:\/\/olimpiamed.pl\/index.php?rest_route=\/wp\/v2\/pages\/3262\/revisions"}],"predecessor-version":[{"id":3264,"href":"http:\/\/olimpiamed.pl\/index.php?rest_route=\/wp\/v2\/pages\/3262\/revisions\/3264"}],"wp:attachment":[{"href":"http:\/\/olimpiamed.pl\/index.php?rest_route=%2Fwp%2Fv2%2Fmedia&parent=3262"}],"curies":[{"name":"wp","href":"https:\/\/api.w.org\/{rel}","templated":true}]}}