{"id":3252,"date":"2021-08-24T17:12:16","date_gmt":"2021-08-24T15:12:16","guid":{"rendered":"http:\/\/olimpiamed.pl\/?page_id=3252"},"modified":"2021-08-24T17:25:57","modified_gmt":"2021-08-24T15:25:57","slug":"nocna-i-swiateczna-opieka","status":"publish","type":"page","link":"http:\/\/olimpiamed.pl\/?page_id=3252","title":{"rendered":"Nocna i \u015bwi\u0105teczna opieka"},"content":{"rendered":"<p>\u015awiadczenia zdrowotne w nocnej i \u015bwi\u0105tecznej opiece zdrowotnej po godzinie 18.00 do 8.00 rano oraz ca\u0142odobowo w dni wolne od pracy udzielane s\u0105 pacjentom w razie nag\u0142ego zachorowania lub nag\u0142ego pogorszenia stanu zdrowia. Pacjent mo\u017ce si\u0119 uda\u0107 po pomoc do dowolnego punktu dy\u017curnego POZ (np. tam, gdzie ma najbli\u017cej), niezale\u017cnie od tego, gdzie mieszka, i do kt\u00f3rego lekarza\/ piel\u0119gniarki POZ z\u0142o\u017cy\u0142 swoj\u0105 deklaracj\u0119.<\/p>\n<h3><b>Wykaz plac\u00f3wek oraz miejsca udzielania \u015bwiadcze\u0144 zdrowotnych we Wroc\u0142awiu:<\/b><\/h3>\n<ul>\n<li><strong><span style=\"color: #000000;\"><span style=\"font-family: Source Sans Pro;\"><span style=\"font-size: medium;\"><b>Dolno\u015bl\u0105ski Szpital Specjalistyczny im. T. Marciniaka<\/b><\/span><\/span><\/span><\/strong><span style=\"color: #000000;\"><span style=\"font-family: Source Sans Pro;\"><span style=\"font-size: medium;\">,\u00a0Wroc\u0142aw,\u00a0ul. Fieldorfa 5,\u00a071\u00a0306 42 22<\/span><\/span><\/span><\/li>\n<li><strong><span style=\"color: #000000;\"><span style=\"font-family: Source Sans Pro;\"><span style=\"font-size: medium;\"><b>Wojew\u00f3dzki Szpital Specjalistyczny we Wroc\u0142awiu,<\/b><\/span><\/span><\/span><\/strong><span style=\"color: #000000;\"><span style=\"font-family: Source Sans Pro;\"><span style=\"font-size: medium;\">\u00a0Wroc\u0142aw,\u00a0ul. Kamie\u0144skiego 73a,\u00a071 32 70 536<\/span><\/span><\/span><\/li>\n<li><strong><span style=\"color: #000000;\"><span style=\"font-family: Source Sans Pro;\"><span style=\"font-size: medium;\"><b>Wojew\u00f3dzki Szpital Specjalistyczny im. J.Gromkowskiego,<\/b><\/span><\/span><\/span><\/strong><span style=\"color: #000000;\"><span style=\"font-family: Source Sans Pro;\"><span style=\"font-size: medium;\">\u00a0Wroc\u0142aw,\u00a0ul. Koszarowa 5,\u00a071 395 76 07<\/span><\/span><\/span><\/li>\n<li><strong><span style=\"color: #000000;\"><span style=\"font-family: Source Sans Pro;\"><span style=\"font-size: medium;\"><b>Szpital Specjalistyczny im A. Falkiewicza,\u00a0<\/b><\/span><\/span><\/span><\/strong><span style=\"color: #000000;\"><span style=\"font-family: Source Sans Pro;\"><span style=\"font-size: medium;\">Wroc\u0142aw\u00a0ul. Warszawska 2,\u00a071 37 74 116,\u00a071 37 74 117,\u00a071 37 74 118,\u00a071 37 74 119<\/span><\/span><\/span><\/li>\n<li><strong><span style=\"color: #000000;\"><span style=\"font-family: Source Sans Pro;\"><span style=\"font-size: medium;\"><b>Ca\u0142odobowe Ambulatorium Chirurgii Og\u00f3lnej CZAS,<\/b><\/span><\/span><\/span><\/strong><span style=\"color: #000000;\"><span style=\"font-family: Source Sans Pro;\"><span style=\"font-size: medium;\">\u00a0tel. 71 348 28 15., Centrum Medyczne Dobrzy\u0144ska, Wroc\u0142aw, ul. Dobrzy\u0144ska 21\/23<\/span><\/span><\/span><\/li>\n<\/ul>\n<p>&nbsp;<\/p>\n<div class=\"kvgmc6g5 cxmmr5t8 oygrvhab hcukyx3x c1et5uql ii04i59q\">\n<div dir=\"auto\"><strong>TPK &#8211; TELEPLATFORMA PIERWSZEGO KONTAKTU<\/strong><\/div>\n<div dir=\"auto\">\n<p>Od czerwca 2021 r. dzia\u0142a\u00a0Teleplatforma Pierwszego Kontaktu. Dzwoni\u0105c pod bezp\u0142atny numer\u00a0<strong>800 137 200<\/strong>\u00a0pacjenci otrzymaj\u0105 niezb\u0119dn\u0105 pomoc medyczn\u0105 poza godzinami pracy lekarzy rodzinnych, w weekendy oraz \u015bwi\u0119ta. Porady udzielane s\u0105 w kilku j\u0119zykach.<\/div>\n<div dir=\"auto\"><\/div>\n<h3 dir=\"auto\" style=\"text-align: center;\"><strong><br \/>TELEPLATFORMA PIERWSZEGO KONTAKTU<\/strong><\/h3>\n<h3 dir=\"auto\" style=\"text-align: center;\"><strong>800 137 200<\/strong><\/h3>\n<div dir=\"auto\" style=\"text-align: center;\"><em>Jeden, bezp\u0142atny numer dla ca\u0142ej Polski<br \/><\/em><\/div>\n<div dir=\"auto\"><\/div>\n<\/div>\n<div class=\"o9v6fnle cxmmr5t8 oygrvhab hcukyx3x c1et5uql ii04i59q\">\n<div dir=\"auto\"><span style=\"text-decoration: underline;\"><br \/>*Teleplatforma Pierwszego Kontaktu (TPK) jest dost\u0119pna:<\/span><\/div>\n<div dir=\"auto\" style=\"text-align: left; padding-left: 30px;\">-poza godzinami pracy Podstawowej Opieki Zdrowotnej, czyli:<\/div>\n<div dir=\"auto\" style=\"text-align: left; padding-left: 30px;\">od poniedzia\u0142ku do pi\u0105tku w godzinach od 18:00 do 8:00 nast\u0119pnego dnia<\/div>\n<div dir=\"auto\" style=\"text-align: left; padding-left: 30px;\">-w soboty i niedziele oraz inne dni ustawowo wolne od pracy, w godzinach od 8:00 do 8:00 nast\u0119pnego dnia.<\/div>\n<\/div>\n<div class=\"o9v6fnle cxmmr5t8 oygrvhab hcukyx3x c1et5uql ii04i59q\">\n<div dir=\"auto\"><span style=\"text-decoration: underline;\"><br \/>*Z TPK mo\u017cesz skorzysta\u0107 w sytuacji:<\/span><\/div>\n<div dir=\"auto\" style=\"padding-left: 30px;\">-nag\u0142ego zachorowania, poza godzinami pracy POZ,<\/div>\n<div dir=\"auto\" style=\"padding-left: 30px;\">-nag\u0142ego pogorszenia stanu zdrowia, gdy nie ma objaw\u00f3w sugeruj\u0105cych stan bezpo\u015bredniego zagro\u017cenia \u017cycia, a zastosowane \u015brodki lub leki dost\u0119pne bez recepty nie przynios\u0142y spodziewanej poprawy,<\/div>\n<div dir=\"auto\" style=\"padding-left: 30px;\">-gdy zachodzi obawa, \u017ce oczekiwanie na otwarcie przychodni POZ mo\u017ce znacz\u0105co niekorzystnie wp\u0142yn\u0105\u0107 na Tw\u00f3j stan zdrowia.<\/div>\n<\/div>\n<div class=\"o9v6fnle cxmmr5t8 oygrvhab hcukyx3x c1et5uql ii04i59q\">\n<div dir=\"auto\"><span style=\"text-decoration: underline;\"><br \/>*Kontaktuj\u0105c si\u0119 z TPK, otrzymasz porad\u0119<\/span><\/div>\n<div dir=\"auto\" style=\"padding-left: 30px;\">-piel\u0119gniarki\/po\u0142o\u017cnej<\/div>\n<div dir=\"auto\" style=\"padding-left: 30px;\">-lekarsk\u0105.<\/div>\n<div dir=\"auto\" style=\"padding-left: 30px;\">(w formie telekonsultacji)<\/div>\n<\/div>\n<div class=\"o9v6fnle cxmmr5t8 oygrvhab hcukyx3x c1et5uql ii04i59q\">\n<div dir=\"auto\"><span style=\"text-decoration: underline;\"><br \/>*W ramach TPK uzyskasz:<\/span><\/div>\n<div dir=\"auto\" style=\"padding-left: 30px;\">-porad\u0119 medyczn\u0105<\/div>\n<div dir=\"auto\" style=\"padding-left: 30px;\">-e?recept\u0119<\/div>\n<div dir=\"auto\" style=\"padding-left: 30px;\">-e?skierowanie<\/div>\n<div dir=\"auto\" style=\"padding-left: 30px;\">-e?zwolnienie<\/div>\n<\/div>\n<div class=\"o9v6fnle cxmmr5t8 oygrvhab hcukyx3x c1et5uql ii04i59q\">\n<div dir=\"auto\"><span style=\"text-decoration: underline;\"><br \/>*Porady s\u0105 udzielane w czterech j\u0119zykach:<\/span><\/div>\n<div dir=\"auto\" style=\"padding-left: 30px;\">-polskim<\/div>\n<div dir=\"auto\" style=\"padding-left: 30px;\">-angielskim<\/div>\n<div dir=\"auto\" style=\"padding-left: 30px;\">-rosyjskim<\/div>\n<div dir=\"auto\" style=\"padding-left: 30px;\">-ukrai\u0144skim<\/div>\n<\/div>\n<div class=\"o9v6fnle cxmmr5t8 oygrvhab hcukyx3x c1et5uql ii04i59q\">\n<div dir=\"auto\">\n<p>Aby skorzysta\u0107 z wideo rozmowy z t\u0142umaczem j\u0119zyka migowego prosz\u0119 klikn\u0105\u0107 <a href=\"https:\/\/www.nfz.gov.pl\/kontakt\/teleplatforma-pierwszego-kontaktu\/tpk-wideorozmowa-z-tlumaczem-jezyka-migowego\/?fbclid=IwAR2vT93DlkFmFhkXSgpf35PP0XiCvtYO4IhHgxv5djTkR2oS-le_DSzzbac\">tutaj.<\/a><\/div>\n<\/div>\n","protected":false},"excerpt":{"rendered":"<p>\u015awiadczenia zdrowotne w nocnej i \u015bwi\u0105tecznej opiece zdrowotnej po godzinie 18.00 do 8.00 rano oraz ca\u0142odobowo w dni wolne od pracy udzielane s\u0105 pacjentom w razie nag\u0142ego zachorowania lub nag\u0142ego pogorszenia stanu zdrowia. Pacjent mo\u017ce si\u0119 uda\u0107 po pomoc do dowolnego punktu dy\u017curnego POZ (np. tam, gdzie ma najbli\u017cej), niezale\u017cnie od tego, gdzie mieszka, i<\/p>\n","protected":false},"author":1,"featured_media":0,"parent":0,"menu_order":0,"comment_status":"closed","ping_status":"closed","template":"","meta":{"footnotes":""},"class_list":["post-3252","page","type-page","status-publish","hentry"],"_links":{"self":[{"href":"http:\/\/olimpiamed.pl\/index.php?rest_route=\/wp\/v2\/pages\/3252","targetHints":{"allow":["GET"]}}],"collection":[{"href":"http:\/\/olimpiamed.pl\/index.php?rest_route=\/wp\/v2\/pages"}],"about":[{"href":"http:\/\/olimpiamed.pl\/index.php?rest_route=\/wp\/v2\/types\/page"}],"author":[{"embeddable":true,"href":"http:\/\/olimpiamed.pl\/index.php?rest_route=\/wp\/v2\/users\/1"}],"replies":[{"embeddable":true,"href":"http:\/\/olimpiamed.pl\/index.php?rest_route=%2Fwp%2Fv2%2Fcomments&post=3252"}],"version-history":[{"count":7,"href":"http:\/\/olimpiamed.pl\/index.php?rest_route=\/wp\/v2\/pages\/3252\/revisions"}],"predecessor-version":[{"id":3261,"href":"http:\/\/olimpiamed.pl\/index.php?rest_route=\/wp\/v2\/pages\/3252\/revisions\/3261"}],"wp:attachment":[{"href":"http:\/\/olimpiamed.pl\/index.php?rest_route=%2Fwp%2Fv2%2Fmedia&parent=3252"}],"curies":[{"name":"wp","href":"https:\/\/api.w.org\/{rel}","templated":true}]}}