{"id":3242,"date":"2021-08-24T17:03:48","date_gmt":"2021-08-24T15:03:48","guid":{"rendered":"http:\/\/olimpiamed.pl\/?page_id=3242"},"modified":"2026-02-26T14:18:54","modified_gmt":"2026-02-26T13:18:54","slug":"noworodki","status":"publish","type":"page","link":"http:\/\/olimpiamed.pl\/?page_id=3242","title":{"rendered":"Noworodki"},"content":{"rendered":"<p>[vc_row][vc_column][vc_column_text]Moment pojawienie si\u0119 na \u015bwiecie noworodka to dla ka\u017cdej rodziny wspania\u0142e prze\u017cycie ale tak\u017ce cz\u0119sto jest to okres wywracania si\u0119 wszystkiego do g\u00f3ry nogami.<\/p>\n<p>Aby u\u0142atwi\u0107 Pa\u0144stwu przebrni\u0119cie przez procedury zg\u0142oszenia dziecka do przychodni przygotowali\u015bmy list\u0119- \u015bci\u0105g\u0119:<\/p>\n<p>1. Jeszcze w szpitalu nale\u017cy poda\u0107 adres naszej plac\u00f3wki jako plac\u00f3wki POZ dla dziecka.<\/p>\n<p align=\"center\">OlimpiaMed sp. z o.o.<\/p>\n<p align=\"center\">ul. Marca Polo 21\/1<\/p>\n<p align=\"center\">51-504 Wroc\u0142aw<\/p>\n<p style=\"text-align: center;\"><i>Robi si\u0119 to, aby szpital przes\u0142a\u0142 do nas KART\u0118 UODPORNIENIA DZIECKA.<\/i><\/p>\n<p>2. Dzie\u0144 po wypisaniu male\u0144stwa ze szpitala, nale\u017cy zg\u0142osi\u0107 urodzenie noworodka do przychodni. Mo\u017cna to zrobi\u0107 na kilka sposob\u00f3w:<\/p>\n<p style=\"padding-left: 60px;\">a. Wype\u0142ni\u0107 <a href=\"https:\/\/docs.google.com\/forms\/d\/e\/1FAIpQLSehyxceE3b_DE9l6fi6g_ccPoMWp0NF0AC2yx2eIeXa6E3QAw\/viewform?usp=header\">formularz deklaracyjny online<\/a> na kt\u00f3rego podstawie przygotujemy za Ciebie deklaracje, kt\u00f3re nale\u017cy podpisa\u0107 w przychodni.<\/p>\n<p style=\"padding-left: 60px;\">b. Pobra\u0107 wz\u00f3r deklaracji wyboru lekarza, piel\u0119gniarki lub po\u0142o\u017cnej. Prosimy o wydrukowanie deklaracji i czytelne, najlepiej drukowanymi literami, wype\u0142nienie. Wype\u0142nion\u0105 i podpisan\u0105 osobi\u015bcie deklaracj\u0119 nale\u017cy przynie\u015b\u0107 do naszej plac\u00f3wki.<\/p>\n<p align=\"center\"><a href=\"http:\/\/olimpiamed.pl\/wp-content\/uploads\/2013\/04\/Deklaracja_lekarzab.pdf\">Formularz wyboru lekarza<\/a><br \/>\n<a href=\"http:\/\/olimpiamed.pl\/wp-content\/uploads\/2013\/04\/Deklaracja_piel%C4%99gniarkab.pdf\">Formularz wyboru piel\u0119gniarki<\/a><br \/>\n<a href=\"http:\/\/olimpiamed.pl\/wp-content\/uploads\/2013\/04\/Deklaracja_po%C5%82o%C5%BCnejb.pdf\">Formularz wyboru po\u0142o\u017cnej<\/a><\/p>\n<p style=\"padding-left: 60px;\" align=\"left\">c. Zg\u0142osi\u0107 urodzenie si\u0119 dziecka osobi\u015bcie w przychodni, lub telefonicznie.<\/p>\n<p style=\"text-align: left; padding-left: 120px;\"><i>W przypadku sk\u0142adania deklaracji w spos\u00f3b zdalny- mo\u017cna je podpisa\u0107 przed pierwsz\u0105 wizyt\u0105 w przychodni(patrona\u017cem pediatrycznym)<\/i><\/p>\n<p style=\"text-align: left; padding-left: 120px;\"><i>Podczas sk\u0142adania deklaracji POZ sprawdzone zostan\u0105 r\u00f3wnie\u017c w bazie e-WU\u015a uprawnienia o przys\u0142uguj\u0105cym prawie do \u015bwiadcze\u0144 opieki zdrowotnej [ubezpieczenie].<\/i><\/p>\n<p>3. Po z\u0142o\u017ceniu deklaracji, pracownik przychodni:<\/p>\n<p style=\"padding-left: 60px;\">-przeka\u017ce zg\u0142oszenie urodzenia noworodka do po\u0142o\u017cnej. Pani po\u0142o\u017cna w pierwszej kolejno\u015bci skontaktuje si\u0119 z Pa\u0144stwem telefonicznie, a nast\u0119pnie przyjdzie do Pa\u0144stwa do domu na patrona\u017c po\u0142o\u017cniczy.<\/p>\n<p style=\"padding-left: 60px;\">-um\u00f3wi dziecko na pierwszy patrona\u017c pediatryczny (w przychodni).<\/p>\n<p style=\"padding-left: 60px;\">-um\u00f3wi dziecko na pierwsze szczepienie.<\/p>\n<p>[\/vc_column_text][\/vc_column][\/vc_row]<\/p>\n","protected":false},"excerpt":{"rendered":"<p>[vc_row][vc_column][vc_column_text]Moment pojawienie si\u0119 na \u015bwiecie noworodka to dla ka\u017cdej rodziny wspania\u0142e prze\u017cycie ale tak\u017ce cz\u0119sto jest to okres wywracania si\u0119 wszystkiego do g\u00f3ry nogami. Aby u\u0142atwi\u0107 Pa\u0144stwu przebrni\u0119cie przez procedury zg\u0142oszenia dziecka do przychodni przygotowali\u015bmy list\u0119- \u015bci\u0105g\u0119: 1. Jeszcze w szpitalu nale\u017cy poda\u0107 adres naszej plac\u00f3wki jako plac\u00f3wki POZ dla dziecka. OlimpiaMed sp. z o.o.<\/p>\n","protected":false},"author":1,"featured_media":0,"parent":0,"menu_order":0,"comment_status":"closed","ping_status":"closed","template":"","meta":{"footnotes":""},"class_list":["post-3242","page","type-page","status-publish","hentry"],"_links":{"self":[{"href":"http:\/\/olimpiamed.pl\/index.php?rest_route=\/wp\/v2\/pages\/3242","targetHints":{"allow":["GET"]}}],"collection":[{"href":"http:\/\/olimpiamed.pl\/index.php?rest_route=\/wp\/v2\/pages"}],"about":[{"href":"http:\/\/olimpiamed.pl\/index.php?rest_route=\/wp\/v2\/types\/page"}],"author":[{"embeddable":true,"href":"http:\/\/olimpiamed.pl\/index.php?rest_route=\/wp\/v2\/users\/1"}],"replies":[{"embeddable":true,"href":"http:\/\/olimpiamed.pl\/index.php?rest_route=%2Fwp%2Fv2%2Fcomments&post=3242"}],"version-history":[{"count":7,"href":"http:\/\/olimpiamed.pl\/index.php?rest_route=\/wp\/v2\/pages\/3242\/revisions"}],"predecessor-version":[{"id":3503,"href":"http:\/\/olimpiamed.pl\/index.php?rest_route=\/wp\/v2\/pages\/3242\/revisions\/3503"}],"wp:attachment":[{"href":"http:\/\/olimpiamed.pl\/index.php?rest_route=%2Fwp%2Fv2%2Fmedia&parent=3242"}],"curies":[{"name":"wp","href":"https:\/\/api.w.org\/{rel}","templated":true}]}}