{"id":3215,"date":"2021-08-24T14:42:22","date_gmt":"2021-08-24T12:42:22","guid":{"rendered":"http:\/\/olimpiamed.pl\/?page_id=3215"},"modified":"2026-02-26T13:41:55","modified_gmt":"2026-02-26T12:41:55","slug":"deklaracje-poz","status":"publish","type":"page","link":"http:\/\/olimpiamed.pl\/?page_id=3215","title":{"rendered":"Deklaracje POZ"},"content":{"rendered":"<p>[vc_row][vc_column][vc_column_text]Poni\u017cej do pobrania wz\u00f3r deklaracji wyboru lekarza, piel\u0119gniarki lub po\u0142o\u017cnej. Prosimy o wydrukowanie deklaracji i czytelne, najlepiej drukowanymi literami, wype\u0142nienie.<\/p>\n<p>Wype\u0142nion\u0105 i podpisan\u0105 osobi\u015bcie deklaracj\u0119 nale\u017cy przynie\u015b\u0107 do naszej plac\u00f3wki.<\/p>\n<p><a href=\"http:\/\/olimpiamed.pl\/wp-content\/uploads\/2013\/04\/Deklaracja_lekarzab.pdf\">Formularz wyboru lekarza<\/a><br \/>\n<a href=\"http:\/\/olimpiamed.pl\/wp-content\/uploads\/2013\/04\/Deklaracja_piel\u0119gniarkab.pdf\">Formularz wyboru piel\u0119gniarki<\/a><br \/>\n<a href=\"http:\/\/olimpiamed.pl\/wp-content\/uploads\/2013\/04\/Deklaracja_po\u0142o\u017cnejb.pdf\">Formularz wyboru po\u0142o\u017cnej<\/a><\/p>\n<p>Mo\u017cesz te\u017c wype\u0142ni\u0107\u00a0<a href=\"https:\/\/docs.google.com\/forms\/d\/e\/1FAIpQLSehyxceE3b_DE9l6fi6g_ccPoMWp0NF0AC2yx2eIeXa6E3QAw\/viewform?usp=header\"> formularz deklaracyjny online<\/a> na kt\u00f3rego podstawie przygotujemy za Ciebie deklaracje, kt\u00f3re nale\u017cy podpisa\u0107 w przychodni.<\/p>\n<p>&nbsp;<\/p>\n<p>Podczas sk\u0142adania deklaracji POZ sprawdzone zostan\u0105 r\u00f3wnie\u017c w bazie e-WU\u015a uprawnienia o przys\u0142uguj\u0105cym prawie do \u015bwiadcze\u0144 opieki zdrowotnej [ubezpieczenie].<\/p>\n<p>&nbsp;<\/p>\n<p><strong>Razem z deklaracjami nale\u017cy z\u0142o\u017cy\u0107 w rejestracji o\u015bwiadczenie o udost\u0119pnianiu informacji na temat Pa\u0144stwa leczenia.<\/strong><\/p>\n<p>O\u015bwiadczenie mo\u017cna pobra\u0107 <a href=\"http:\/\/olimpiamed.pl\/wp-content\/uploads\/2013\/04\/oswiadczenie.pdf\">tutaj<\/a>, wydrukowa\u0107 i dostarczy\u0107 do rejestracji ju\u017c uzupe\u0142nione.[\/vc_column_text][\/vc_column][\/vc_row][vc_row][vc_column]<div class=\"dropcap\"><div class=\"dropcap_label\"><h3>Informacje:<\/h3><\/div>\n<p>&nbsp;<\/p>\n<p>&nbsp;<\/p>\n<p>&nbsp;<\/p>\n<p><strong>Ka\u017cda osoba ubezpieczona w Narodowym Funduszu Zdrowia (NFZ) ma prawo do\u00a0wyboru lekarza, piel\u0119gniarki i\u00a0po\u0142o\u017cnej podstawowej opieki zdrowotnej.<\/strong><br \/>\nDokonuj\u0105c wyboru lekarza, piel\u0119gniarki lub po\u0142o\u017cnej podstawowej opieki zdrowotnej (POZ) nale\u017cy pami\u0119ta\u0107 o\u00a0tym, \u017ce musz\u0105 by\u0107 oni zatrudnieni w\u00a0plac\u00f3wce, kt\u00f3ra ma podpisany z\u00a0NFZ kontrakt na\u00a0\u015bwiadczenie us\u0142ug zdrowotnych w\u00a0danym roku kalendarzowym. Plac\u00f3wka ta mo\u017ce by\u0107 zar\u00f3wno publicznym zak\u0142adem opieki zdrowotnej, jak r\u00f3wnie\u017c przychodni\u0105 lub gabinetem prywatnym.<br \/>\nO to, czy plac\u00f3wka ma podpisany kontrakt z NFZ, mo\u017cna zapyta\u0107 w\u00a0rejestracji lub te\u017c sprawdzi\u0107, czy na\u00a0jej budynku umieszczona jest tablica z\u00a0logo NFZ i\u00a0napisem ?Narodowy Fundusz Zdrowia?.<\/p>\n<p>&nbsp;<\/p>\n<p><strong>Czy nale\u017cy wybra\u0107 lekarza w miejscu zamieszkania?<\/strong><\/p>\n<p>Nie ma takiego obowi\u0105zku. Przy wyborze lekarza, piel\u0119gniarki czy po\u0142o\u017cnej nie obowi\u0105zuje rejonizacja. Pacjent mo\u017ce wi\u0119c zapisa\u0107 si\u0119 do dowolnej plac\u00f3wki s\u0142u\u017cby zdrowia, a\u00a0to oznacza, \u017ce mo\u017ce leczy\u0107 si\u0119 r\u00f3wnie\u017c poza miejscem swojego zamieszkania. Jedyny warunek ? o\u00a0kt\u00f3rym wspomnieli\u015bmy powy\u017cej ? jest taki, \u017ce musi to by\u0107 plac\u00f3wka maj\u0105ca podpisany kontrakt z\u00a0NFZ.<\/p>\n<p>&nbsp;<\/p>\n<p><strong>Jak dokona\u0107 wyboru lekarza, piel\u0119gniarki i po\u0142o\u017cnej?<\/strong><\/p>\n<p>Wyboru lekarza, piel\u0119gniarki lub po\u0142o\u017cnej dokonuje si\u0119 poprzez z\u0142o\u017cenie\u00a0<strong>deklaracji wyboru<\/strong>, kt\u00f3rej wz\u00f3r okre\u015bla Rozporz\u0105dzenie Ministra Zdrowia z dnia 11 czerwca 2014 r. w sprawie wzor\u00f3w deklaracji wyboru \u015bwiadczeniodawcy, lekarza, piel\u0119gniarki i po\u0142o\u017cnej podstawowej opieki zdrowotnej.<br \/>\nW wi\u0119kszo\u015bci przypadk\u00f3w deklaracj\u0119 wyboru sk\u0142ada si\u0119 w\u00a0imieniu w\u0142asnym. Wyj\u0105tek stanowi\u0105 niepe\u0142noletnie dzieci oraz osoby, dla kt\u00f3rych ustanowiony zosta\u0142 opiekun. W\u00a0ich imieniu deklaracj\u0119 mog\u0105 z\u0142o\u017cy\u0107 pe\u0142noletni opiekunowie lub opiekunowie prawni.<br \/>\nW deklaracji wyboru pacjent musi poda\u0107 swoje podstawowe dane osobowe: imi\u0119 i\u00a0nazwisko, nazwisko rodowe, dat\u0119 urodzenia, p\u0142e\u0107, numer PESEL, adres zamieszkania oraz\u00a0adres korespondencyjny (je\u015bli jest inny). Opcjonalnie za\u015b mo\u017ce wpisa\u0107 sw\u00f3j numer telefonu kontaktowego. W\u00a0dalszej cz\u0119\u015bci deklaracji nale\u017cy poda\u0107 dane wybieranego lekarza, piel\u0119gniarki lub po\u0142o\u017cnej podstawowej opieki zdrowotnej, a\u00a0konkretnie ich imiona i\u00a0nazwiska. Ponadto, w\u00a0deklaracji okre\u015bla si\u0119, kt\u00f3ry raz w\u00a0danym roku dokonywany jest wyb\u00f3r.<\/p>\n<p>&nbsp;<\/p>\n<p><strong>Jak cz\u0119sto mo\u017cna dokonywa\u0107 wyboru lekarza, piel\u0119gniarki lub po\u0142o\u017cnej POZ?<\/strong><\/p>\n<p>W trakcie roku kalendarzowego ka\u017cda osoba ubezpieczona w\u00a0NFZ ma prawo\u00a0<strong>dwukrotnie dokona\u0107 bezp\u0142atnego wyboru (zmiany)<\/strong>lekarza, piel\u0119gniarki lub po\u0142o\u017cnej POZ. Je\u015bli\u00a0jednak pacjent dokona takiej zmiany\u00a0<strong>po\u00a0raz trzeci<\/strong>\u00a0w\u00a0danym roku, w\u00f3wczas b\u0119dzie zobowi\u0105zany wnie\u015b\u0107 na\u00a0rachunek Oddzia\u0142u NFZ\u00a0<strong>op\u0142at\u0119 w\u00a0wysoko\u015bci 80\u00a0z\u0142<\/strong>.<br \/>\nZ op\u0142aty tej zwolnione s\u0105 osoby, kt\u00f3re musia\u0142y dokona\u0107 zmiany z\u00a0przyczyn od nich niezale\u017cnych, np. w\u00a0zwi\u0105zku ze\u00a0zmian\u0105 miejsca zamieszkania lub zaprzestaniem udzielania \u015bwiadcze\u0144 przez wybranego wcze\u015bniej pracownika s\u0142u\u017cby zdrowia.<br \/>\nPacjent musi umie\u015bci\u0107 na deklaracji informacj\u0119 o\u00a0tym, kt\u00f3ry raz w\u00a0danym roku dokonuje wyboru lekarza, piel\u0119gniarki lub po\u0142o\u017cnej. \u015awiadczeniodawca ? a\u00a0konkretnie przedstawiciel plac\u00f3wki, w\u00a0kt\u00f3rej pacjent sk\u0142ada now\u0105 deklaracj\u0119 ? ma obowi\u0105zek poinformowa\u0107 go o\u00a0obowi\u0105zku wniesienia na\u00a0rachunek Oddzia\u0142u NFZ op\u0142aty w\u00a0wysoko\u015bci 80\u00a0z\u0142, a\u00a0tak\u017ce poda\u0107 mu numer tego rachunku.<br \/>\nZmieniaj\u0105c lekarza, piel\u0119gniark\u0119 lub po\u0142o\u017cn\u0105 POZ, nale\u017cy pami\u0119ta\u0107 o przekazaniu swojej dokumentacji medycznej nowemu \u015bwiadczeniodawcy. Na\u00a0wniosek ubezpieczonego poprzednia plac\u00f3wka jest zobowi\u0105zana do\u00a0wydania mu kopii lub odpis\u00f3w jego dokumentacji medycznej. Pacjent ponosi koszty wykonania drugiej i kolejnych kserokopii lub odpisu.<\/div>[\/vc_column][\/vc_row]<\/p>\n","protected":false},"excerpt":{"rendered":"<p>[vc_row][vc_column][vc_column_text]Poni\u017cej do pobrania wz\u00f3r deklaracji wyboru lekarza, piel\u0119gniarki lub po\u0142o\u017cnej. Prosimy o wydrukowanie deklaracji i czytelne, najlepiej drukowanymi literami, wype\u0142nienie. Wype\u0142nion\u0105 i podpisan\u0105 osobi\u015bcie deklaracj\u0119 nale\u017cy przynie\u015b\u0107 do naszej plac\u00f3wki. Formularz wyboru lekarza Formularz wyboru piel\u0119gniarki Formularz wyboru po\u0142o\u017cnej Mo\u017cesz te\u017c wype\u0142ni\u0107\u00a0 formularz deklaracyjny online na kt\u00f3rego podstawie przygotujemy za Ciebie deklaracje, kt\u00f3re nale\u017cy podpisa\u0107<\/p>\n","protected":false},"author":1,"featured_media":0,"parent":0,"menu_order":0,"comment_status":"closed","ping_status":"closed","template":"","meta":{"footnotes":""},"class_list":["post-3215","page","type-page","status-publish","hentry"],"_links":{"self":[{"href":"http:\/\/olimpiamed.pl\/index.php?rest_route=\/wp\/v2\/pages\/3215","targetHints":{"allow":["GET"]}}],"collection":[{"href":"http:\/\/olimpiamed.pl\/index.php?rest_route=\/wp\/v2\/pages"}],"about":[{"href":"http:\/\/olimpiamed.pl\/index.php?rest_route=\/wp\/v2\/types\/page"}],"author":[{"embeddable":true,"href":"http:\/\/olimpiamed.pl\/index.php?rest_route=\/wp\/v2\/users\/1"}],"replies":[{"embeddable":true,"href":"http:\/\/olimpiamed.pl\/index.php?rest_route=%2Fwp%2Fv2%2Fcomments&post=3215"}],"version-history":[{"count":14,"href":"http:\/\/olimpiamed.pl\/index.php?rest_route=\/wp\/v2\/pages\/3215\/revisions"}],"predecessor-version":[{"id":3502,"href":"http:\/\/olimpiamed.pl\/index.php?rest_route=\/wp\/v2\/pages\/3215\/revisions\/3502"}],"wp:attachment":[{"href":"http:\/\/olimpiamed.pl\/index.php?rest_route=%2Fwp%2Fv2%2Fmedia&parent=3215"}],"curies":[{"name":"wp","href":"https:\/\/api.w.org\/{rel}","templated":true}]}}